
{"id":10273,"date":"2020-09-03T09:26:39","date_gmt":"2020-09-03T06:26:39","guid":{"rendered":"https:\/\/youtopiaios.com\/rooms\/"},"modified":"2025-06-02T15:37:14","modified_gmt":"2025-06-02T12:37:14","slug":"rooms","status":"publish","type":"page","link":"https:\/\/youtopiaios.com\/fr\/rooms\/","title":{"rendered":"H\u00e9bergement"},"content":{"rendered":"\t\t<div data-elementor-type=\"wp-page\" data-elementor-id=\"10273\" class=\"elementor elementor-10273 elementor-4484\">\n\t\t\t\t\t\t\t\t\t<section class=\"elementor-section elementor-top-section elementor-element elementor-element-3c874539 elementor-section-full_width qodef-elementor-content-grid elementor-section-height-default elementor-section-height-default\" data-id=\"3c874539\" data-element_type=\"section\">\n\t\t\t\t\t\t<div class=\"elementor-container elementor-column-gap-no\">\n\t\t\t\t\t<div class=\"elementor-column elementor-col-33 elementor-top-column elementor-element elementor-element-1973cf01\" data-id=\"1973cf01\" data-element_type=\"column\">\n\t\t\t<div class=\"elementor-widget-wrap elementor-element-populated\">\n\t\t\t\t\t\t\t\t<div class=\"elementor-element elementor-element-50edbba3 elementor-widget elementor-widget-text-editor\" data-id=\"50edbba3\" data-element_type=\"widget\" data-widget_type=\"text-editor.default\">\n\t\t\t\t<div class=\"elementor-widget-container\">\n\t\t\t\t\t\t\t<p style=\"text-align: right; font-size: 40px; line-height: 40px;\">Exp\u00e9rience de s\u00e9jour inoubliable<\/p>\t\t\t\t\t\t<\/div>\n\t\t\t\t<\/div>\n\t\t\t\t\t<\/div>\n\t\t<\/div>\n\t\t\t\t<div class=\"elementor-column elementor-col-66 elementor-top-column elementor-element elementor-element-6e10fae5\" data-id=\"6e10fae5\" data-element_type=\"column\">\n\t\t\t<div class=\"elementor-widget-wrap elementor-element-populated\">\n\t\t\t\t\t\t\t\t<div class=\"elementor-element elementor-element-7c922f75 elementor-widget elementor-widget-alloggio_core_dropcaps\" data-id=\"7c922f75\" data-element_type=\"widget\" data-widget_type=\"alloggio_core_dropcaps.default\">\n\t\t\t\t<div class=\"elementor-widget-container\">\n\t\t\t<div class=\"qodef-shortcode qodef-m  qodef-dropcaps qodef-type--simple\">\n\t<span class=\"qodef-m-letter\" style=\"color: #AC7F2D\">L<\/span>\n\t\t\t<p class=\"qodef-m-text\" >es villas de Youtopia Ios offrent des moments uniques \u00e0 tous les clients qui les choisissent pour leur s\u00e9jour. Avec des d\u00e9tails soign\u00e9s, fabriqu\u00e9s \u00e0 partir de mat\u00e9riaux naturels et avec des \u00e9quipements et installations luxueux, vos vacances \u00e0 Youtopia Ios vous laisseront les meilleures impressions ! D\u00e9couvrez le luxe moderne qu\u2019offrent les villas Youtopia Ios et profitez d\u2019un s\u00e9jour magique sur l\u2019une des plus belles \u00eeles des Cyclades.<\/p>\n\t<\/div>\t\t<\/div>\n\t\t\t\t<\/div>\n\t\t\t\t<div class=\"elementor-element elementor-element-5b860037 elementor-widget elementor-widget-text-editor\" data-id=\"5b860037\" data-element_type=\"widget\" data-widget_type=\"text-editor.default\">\n\t\t\t\t<div class=\"elementor-widget-container\">\n\t\t\t\t\t\t\t\t\t\t\t\t\t<\/div>\n\t\t\t\t<\/div>\n\t\t\t\t\t<\/div>\n\t\t<\/div>\n\t\t\t\t\t\t\t<\/div>\n\t\t<\/section>\n\t\t\t\t<section class=\"elementor-section elementor-top-section elementor-element elementor-element-1dc3d55d elementor-section-full_width elementor-section-height-default elementor-section-height-default qodef-elementor-content-no\" data-id=\"1dc3d55d\" data-element_type=\"section\" data-settings=\"{&quot;background_background&quot;:&quot;classic&quot;}\">\n\t\t\t\t\t\t\t<div class=\"elementor-background-overlay\"><\/div>\n\t\t\t\t\t\t\t<div class=\"elementor-container elementor-column-gap-no\">\n\t\t\t\t\t<div class=\"elementor-column elementor-col-100 elementor-top-column elementor-element elementor-element-12762333\" data-id=\"12762333\" data-element_type=\"column\">\n\t\t\t<div class=\"elementor-widget-wrap elementor-element-populated\">\n\t\t\t\t\t\t\t\t<div class=\"elementor-element elementor-element-2888b63 elementor-widget elementor-widget-alloggio_core_info_card\" data-id=\"2888b63\" data-element_type=\"widget\" data-widget_type=\"alloggio_core_info_card.default\">\n\t\t\t\t<div class=\"elementor-widget-container\">\n\t\t\t<div class=\"qodef-shortcode qodef-m qodef-button-inverted-hover qodef-info-card  qodef--has-parallax\">\n\t<div class=\"qodef-m-image\">\n\t<img decoding=\"async\" loading=\"lazy\" src=\"https:\/\/youtopiaios.com\/wp-content\/uploads\/2023\/07\/youtopia-villa-1-620x787.jpg\" alt=\"\" width=\"620\" height=\"787\" \/><\/div>\t<div class=\"qodef-m-content\" style=\"background-color: #FFFFFF\">\n\t\t\t<h2 class=\"qodef-m-title\" style=\"color: #070404\">Youtopia Villa I<\/h2>\n\t\t\t\t\t<p class=\"qodef-m-text\" style=\"margin-top: 24px;color: #2D2B2B\">Un s\u00e9jour de r\u00eave vous attend chez Youtopia Ios. Commencez chaque journ\u00e9e \u00e0 Ios avec le luxe et la s\u00e9r\u00e9nit\u00e9 qu\u2019offre Youtopia Villa I. <\/p>\n\t\t\t<div class=\"qodef-m-button\">\n\t\t<a class=\"qodef-shortcode qodef-m  qodef-button qodef-layout--filled  qodef-html--link\" href=\"https:\/\/youtopiaios.com\/fr\/youtopia-villa-1\/\" target=\"_self\" data-hover-background-color=\"#AC7F2D\" style=\"background-color: #AC7F2D;margin: -5px 0 0 0\">\t<span class=\"qodef-m-text\">Voir plus<\/span>\t<span class=\"qodef-m-background-holder\" style=\"background-color: #AC7F2D\"><\/span><\/a>\t<\/div>\n\t\t\t<\/div>\n<\/div>\t\t<\/div>\n\t\t\t\t<\/div>\n\t\t\t\t<div class=\"elementor-element elementor-element-24fa909 elementor-widget elementor-widget-alloggio_core_info_card\" data-id=\"24fa909\" data-element_type=\"widget\" data-widget_type=\"alloggio_core_info_card.default\">\n\t\t\t\t<div class=\"elementor-widget-container\">\n\t\t\t<div class=\"qodef-shortcode qodef-m qodef-button-inverted-hover qodef-info-card qodef-image--right qodef--has-parallax\">\n\t<div class=\"qodef-m-image\">\n\t<img decoding=\"async\" loading=\"lazy\" src=\"https:\/\/youtopiaios.com\/wp-content\/uploads\/2023\/07\/youtopia-villa-2-29-620x787.jpg\" alt=\"\" width=\"620\" height=\"787\" \/><\/div>\t<div class=\"qodef-m-content\" style=\"background-color: #FFFFFF\">\n\t\t\t<h2 class=\"qodef-m-title\" style=\"color: #070404\">Youtopia Villa II<\/h2>\n\t\t\t\t\t<p class=\"qodef-m-text\" style=\"margin-top: 24px;color: #2D2B2B\">Fid\u00e8le aux mati\u00e8res naturelles dont il est fait, Youtopia Villa II offre le luxe avec son design moderne, des vacances calmes et tranquilles.<\/p>\n\t\t\t<div class=\"qodef-m-button\">\n\t\t<a class=\"qodef-shortcode qodef-m  qodef-button qodef-layout--filled  qodef-html--link\" href=\"https:\/\/youtopiaios.com\/fr\/three-bedroom-villa-with-private-pool\/\" target=\"_self\" data-hover-background-color=\"#AC7F2D\" style=\"background-color: #AC7F2D;margin: -5px 0 0 0\">\t<span class=\"qodef-m-text\">Voir plus<\/span>\t<span class=\"qodef-m-background-holder\" style=\"background-color: #AC7F2D\"><\/span><\/a>\t<\/div>\n\t\t\t<\/div>\n<\/div>\t\t<\/div>\n\t\t\t\t<\/div>\n\t\t\t\t<div class=\"elementor-element elementor-element-11b0265 elementor-widget elementor-widget-alloggio_core_info_card\" data-id=\"11b0265\" data-element_type=\"widget\" data-widget_type=\"alloggio_core_info_card.default\">\n\t\t\t\t<div class=\"elementor-widget-container\">\n\t\t\t<div class=\"qodef-shortcode qodef-m qodef-button-inverted-hover qodef-info-card  qodef--has-parallax\">\n\t<div class=\"qodef-m-image\">\n\t<img decoding=\"async\" loading=\"lazy\" src=\"https:\/\/youtopiaios.com\/wp-content\/uploads\/2024\/06\/grand-620x787.jpg\" alt=\"\" width=\"620\" height=\"787\" \/><\/div>\t<div class=\"qodef-m-content\" style=\"background-color: #FFFFFF\">\n\t\t\t<h2 class=\"qodef-m-title\" style=\"color: #070404\">Grand Youtopia Villa <\/h2>\n\t\t\t\t\t<p class=\"qodef-m-text\" style=\"margin-top: 24px;color: #2D2B2B\">Une villa ensoleill\u00e9e et spacieuse vous attend pour organiser vos vacances \u00e0 Ios. Grand Youtopia Villa est enti\u00e8rement \u00e9quip\u00e9e et ind\u00e9pendante.<\/p>\n\t\t\t<div class=\"qodef-m-button\">\n\t\t<a class=\"qodef-shortcode qodef-m  qodef-button qodef-layout--filled  qodef-html--link\" href=\"https:\/\/youtopiaios.com\/fr\/grand-youtopia-villa\/\" target=\"_self\" data-hover-background-color=\"#AC7F2D\" style=\"background-color: #AC7F2D;margin: -5px 0 0 0\">\t<span class=\"qodef-m-text\">Voir plus<\/span>\t<span class=\"qodef-m-background-holder\" style=\"background-color: #AC7F2D\"><\/span><\/a>\t<\/div>\n\t\t\t<\/div>\n<\/div>\t\t<\/div>\n\t\t\t\t<\/div>\n\t\t\t\t<div class=\"elementor-element elementor-element-2521257 elementor-widget elementor-widget-alloggio_core_info_card\" data-id=\"2521257\" data-element_type=\"widget\" data-widget_type=\"alloggio_core_info_card.default\">\n\t\t\t\t<div class=\"elementor-widget-container\">\n\t\t\t<div class=\"qodef-shortcode qodef-m qodef-button-inverted-hover qodef-info-card qodef-image--right qodef--has-parallax\">\n\t<div class=\"qodef-m-image\">\n\t<img decoding=\"async\" loading=\"lazy\" src=\"https:\/\/youtopiaios.com\/wp-content\/uploads\/2025\/06\/Untitled-1JUNIORSUITE-620x787.jpg\" alt=\"\" width=\"620\" height=\"787\" \/><\/div>\t<div class=\"qodef-m-content\" style=\"background-color: #FFFFFF\">\n\t\t\t<h2 class=\"qodef-m-title\" style=\"color: #070404\">Suite Junior<\/h2>\n\t\t\t\t\t<p class=\"qodef-m-text\" style=\"margin-top: 24px;color: #2D2B2B\">La toute nouvelle Suite Junior des Youtopia Ios Villas offre une exp\u00e9rience de d\u00e9tente\nabsolue dans un espace \u00e9l\u00e9gant de 55 m\u00b2, id\u00e9al pour les couples ou les jeunes mari\u00e9s.<\/p>\n\t\t\t<div class=\"qodef-m-button\">\n\t\t<a class=\"qodef-shortcode qodef-m  qodef-button qodef-layout--filled  qodef-html--link\" href=\"https:\/\/youtopiaios.com\/fr\/junior-suite\/\" target=\"_self\" data-hover-background-color=\"#AC7F2D\" style=\"background-color: #AC7F2D;margin: -5px 0 0 0\">\t<span class=\"qodef-m-text\">Voir plus<\/span>\t<span class=\"qodef-m-background-holder\" style=\"background-color: #AC7F2D\"><\/span><\/a>\t<\/div>\n\t\t\t<\/div>\n<\/div>\t\t<\/div>\n\t\t\t\t<\/div>\n\t\t\t\t\t<\/div>\n\t\t<\/div>\n\t\t\t\t\t\t\t<\/div>\n\t\t<\/section>\n\t\t\t\t<section class=\"elementor-section elementor-top-section elementor-element elementor-element-c04e9f6 elementor-section-full_width elementor-section-stretched elementor-section-height-default elementor-section-height-default qodef-elementor-content-no\" data-id=\"c04e9f6\" data-element_type=\"section\" data-settings=\"{&quot;stretch_section&quot;:&quot;section-stretched&quot;}\">\n\t\t\t\t\t\t<div class=\"elementor-container elementor-column-gap-no\">\n\t\t\t\t\t<div class=\"elementor-column elementor-col-100 elementor-top-column elementor-element elementor-element-111377aa\" data-id=\"111377aa\" data-element_type=\"column\">\n\t\t\t<div class=\"elementor-widget-wrap elementor-element-populated\">\n\t\t\t\t\t\t\t\t<div class=\"elementor-element elementor-element-3c4df81d elementor-widget elementor-widget-text-editor\" data-id=\"3c4df81d\" data-element_type=\"widget\" data-widget_type=\"text-editor.default\">\n\t\t\t\t<div class=\"elementor-widget-container\">\n\t\t\t\t\t\t\t<h3 style=\"text-align: center;\"><span style=\"color: #ffffff;\">Profitez de votre s\u00e9jour dans les villas Youtopia Ios, surplombant<br \/>le port de l\u2019\u00eele et le bleu profond de la mer \u00c9g\u00e9e. <\/span><\/h3>\t\t\t\t\t\t<\/div>\n\t\t\t\t<\/div>\n\t\t\t\t<div class=\"elementor-element elementor-element-43fa3410 elementor-widget__width-auto elementor-widget elementor-widget-alloggio_core_button\" data-id=\"43fa3410\" data-element_type=\"widget\" data-widget_type=\"alloggio_core_button.default\">\n\t\t\t\t<div class=\"elementor-widget-container\">\n\t\t\t<a class=\"qodef-shortcode qodef-m  qodef-button qodef-layout--filled  qodef-html--link\" href=\"https:\/\/youtopiaios.reserve-online.net\/\" target=\"_self\" data-hover-background-color=\"#AC7F2D\" style=\"background-color: #AC7F2D\">\n\t<span class=\"qodef-m-text\">R\u00e9servez<\/span>\n\t<span class=\"qodef-m-background-holder\" style=\"background-color: #AC7F2D\"><\/span>\n<\/a>\t\t<\/div>\n\t\t\t\t<\/div>\n\t\t\t\t\t<\/div>\n\t\t<\/div>\n\t\t\t\t\t\t\t<\/div>\n\t\t<\/section>\n\t\t\t\t<section class=\"elementor-section elementor-top-section elementor-element elementor-element-178af87a elementor-section-full_width elementor-section-height-default elementor-section-height-default qodef-elementor-content-no\" data-id=\"178af87a\" data-element_type=\"section\">\n\t\t\t\t\t\t<div class=\"elementor-container elementor-column-gap-no\">\n\t\t\t\t\t<div class=\"elementor-column elementor-col-100 elementor-top-column elementor-element elementor-element-3fa96b8d\" data-id=\"3fa96b8d\" data-element_type=\"column\" data-settings=\"{&quot;background_background&quot;:&quot;classic&quot;}\">\n\t\t\t<div class=\"elementor-widget-wrap elementor-element-populated\">\n\t\t\t\t\t\t\t\t<div class=\"elementor-element elementor-element-4f64c515 elementor-widget elementor-widget-wp-widget-alloggio_core_contact_form_7\" data-id=\"4f64c515\" data-element_type=\"widget\" data-widget_type=\"wp-widget-alloggio_core_contact_form_7.default\">\n\t\t\t\t<div class=\"elementor-widget-container\">\n\t\t\t\t\t\t<div class=\"qodef-contact-form-7\">\n\t\t\t\t\n<div class=\"wpcf7 no-js\" id=\"wpcf7-f10851-o1\" lang=\"en-US\" dir=\"ltr\">\n<div class=\"screen-reader-response\"><p role=\"status\" aria-live=\"polite\" aria-atomic=\"true\"><\/p> <ul><\/ul><\/div>\n<form action=\"\/fr\/wp-json\/wp\/v2\/pages\/10273#wpcf7-f10851-o1\" method=\"post\" class=\"wpcf7-form init\" aria-label=\"Contact form\" novalidate=\"novalidate\" data-status=\"init\">\n<div style=\"display: none;\">\n<input type=\"hidden\" name=\"_wpcf7\" value=\"10851\" \/>\n<input type=\"hidden\" name=\"_wpcf7_version\" value=\"5.7.5.1\" \/>\n<input type=\"hidden\" name=\"_wpcf7_locale\" value=\"en_US\" \/>\n<input type=\"hidden\" name=\"_wpcf7_unit_tag\" value=\"wpcf7-f10851-o1\" \/>\n<input type=\"hidden\" name=\"_wpcf7_container_post\" value=\"0\" \/>\n<input type=\"hidden\" name=\"_wpcf7_posted_data_hash\" value=\"\" \/>\n<input type=\"hidden\" name=\"_wpcf7_recaptcha_response\" value=\"\" \/>\n<\/div>\n<div class=\"qodef-newsletter-form-style\">\n\t<h2 class=\"qodef-e-title\"><span class=\"icon-basic-mail-open-text qodef-e-icon\"><\/span>Subscribe to our newsletter\n\t<\/h2>\n\t<p><span class=\"wpcf7-form-control-wrap\" data-name=\"your-email\"><input size=\"40\" class=\"wpcf7-form-control wpcf7-text wpcf7-email wpcf7-validates-as-required wpcf7-validates-as-email\" aria-required=\"true\" aria-invalid=\"false\" placeholder=\"Email Address\" value=\"\" type=\"email\" name=\"your-email\" \/><\/span><button class=\"wpcf7-form-control wpcf7-submit qodef-button qodef-size--normal qodef-type--outlined qodef-m\" type=\"submit\"><span class=\"qodef-m-text\">SUBSCRIBE<\/span><\/button>\n\t<\/p>\n<\/div><div class=\"wpcf7-response-output\" aria-hidden=\"true\"><\/div>\n<\/form>\n<\/div>\n\t\t\t<\/div>\n\t\t\t\t\t<\/div>\n\t\t\t\t<\/div>\n\t\t\t\t\t<\/div>\n\t\t<\/div>\n\t\t\t\t\t\t\t<\/div>\n\t\t<\/section>\n\t\t\t\t\t\t\t<\/div>\n\t\t","protected":false},"excerpt":{"rendered":"<p>Exp\u00e9rience de s\u00e9jour inoubliable L es villas de Youtopia Ios offrent des moments uniques \u00e0 tous les clients qui les choisissent pour leur s\u00e9jour. Avec des d\u00e9tails soign\u00e9s, fabriqu\u00e9s \u00e0 partir de mat\u00e9riaux naturels et avec des \u00e9quipements et installations luxueux, vos vacances \u00e0 Youtopia Ios vous laisseront les meilleures impressions ! D\u00e9couvrez le luxe [&hellip;]<\/p>\n","protected":false},"author":1,"featured_media":0,"parent":0,"menu_order":0,"comment_status":"closed","ping_status":"closed","template":"page-full-width.php","meta":[],"yoast_head":"<!-- This site is optimized with the Yoast SEO plugin v20.12 - https:\/\/yoast.com\/wordpress\/plugins\/seo\/ -->\n<title>H\u00e9bergement - Youtopia Villas | Ios, Greece<\/title>\n<meta name=\"robots\" content=\"index, follow, max-snippet:-1, max-image-preview:large, max-video-preview:-1\" \/>\n<link rel=\"canonical\" href=\"https:\/\/youtopiaios.com\/el\/rooms\/\" \/>\n<meta property=\"og:locale\" content=\"fr_FR\" \/>\n<meta property=\"og:type\" content=\"article\" \/>\n<meta property=\"og:title\" content=\"H\u00e9bergement - Youtopia Villas | Ios, Greece\" \/>\n<meta property=\"og:description\" content=\"Exp\u00e9rience de s\u00e9jour inoubliable L es villas de Youtopia Ios offrent des moments uniques \u00e0 tous les clients qui les choisissent pour leur s\u00e9jour. Avec des d\u00e9tails soign\u00e9s, fabriqu\u00e9s \u00e0 partir de mat\u00e9riaux naturels et avec des \u00e9quipements et installations luxueux, vos vacances \u00e0 Youtopia Ios vous laisseront les meilleures impressions ! D\u00e9couvrez le luxe [&hellip;]\" \/>\n<meta property=\"og:url\" content=\"https:\/\/youtopiaios.com\/el\/rooms\/\" \/>\n<meta property=\"og:site_name\" content=\"Youtopia Villas | Ios, Greece\" \/>\n<meta property=\"article:modified_time\" content=\"2025-06-02T12:37:14+00:00\" \/>\n<meta property=\"og:image\" content=\"https:\/\/youtopiaios.com\/wp-content\/uploads\/2023\/07\/youtopia-villa-1-620x787.jpg\" \/>\n<meta name=\"twitter:card\" content=\"summary_large_image\" \/>\n<meta name=\"twitter:label1\" content=\"Dur\u00e9e de lecture estim\u00e9e\" \/>\n\t<meta name=\"twitter:data1\" content=\"2 minutes\" \/>\n<script type=\"application\/ld+json\" class=\"yoast-schema-graph\">{\"@context\":\"https:\/\/schema.org\",\"@graph\":[{\"@type\":\"WebPage\",\"@id\":\"https:\/\/youtopiaios.com\/el\/rooms\/\",\"url\":\"https:\/\/youtopiaios.com\/el\/rooms\/\",\"name\":\"H\u00e9bergement - Youtopia Villas | Ios, Greece\",\"isPartOf\":{\"@id\":\"https:\/\/youtopiaios.com\/#website\"},\"datePublished\":\"2020-09-03T06:26:39+00:00\",\"dateModified\":\"2025-06-02T12:37:14+00:00\",\"breadcrumb\":{\"@id\":\"https:\/\/youtopiaios.com\/el\/rooms\/#breadcrumb\"},\"inLanguage\":\"fr-FR\",\"potentialAction\":[{\"@type\":\"ReadAction\",\"target\":[\"https:\/\/youtopiaios.com\/el\/rooms\/\"]}]},{\"@type\":\"BreadcrumbList\",\"@id\":\"https:\/\/youtopiaios.com\/el\/rooms\/#breadcrumb\",\"itemListElement\":[{\"@type\":\"ListItem\",\"position\":1,\"name\":\"Home\",\"item\":\"https:\/\/youtopiaios.com\/\"},{\"@type\":\"ListItem\",\"position\":2,\"name\":\"H\u00e9bergement\"}]},{\"@type\":\"WebSite\",\"@id\":\"https:\/\/youtopiaios.com\/#website\",\"url\":\"https:\/\/youtopiaios.com\/\",\"name\":\"Youtopia Villas | Ios, Greece\",\"description\":\"Luxury accommodation in Ios | Youtopia Villas\",\"publisher\":{\"@id\":\"https:\/\/youtopiaios.com\/#organization\"},\"potentialAction\":[{\"@type\":\"SearchAction\",\"target\":{\"@type\":\"EntryPoint\",\"urlTemplate\":\"https:\/\/youtopiaios.com\/?s={search_term_string}\"},\"query-input\":\"required name=search_term_string\"}],\"inLanguage\":\"fr-FR\"},{\"@type\":\"Organization\",\"@id\":\"https:\/\/youtopiaios.com\/#organization\",\"name\":\"Youtopia Villas | Ios, Greece\",\"url\":\"https:\/\/youtopiaios.com\/\",\"logo\":{\"@type\":\"ImageObject\",\"inLanguage\":\"fr-FR\",\"@id\":\"https:\/\/youtopiaios.com\/#\/schema\/logo\/image\/\",\"url\":\"https:\/\/youtopiaios.com\/wp-content\/uploads\/2023\/04\/cropped-Youtopia_RGB.png\",\"contentUrl\":\"https:\/\/youtopiaios.com\/wp-content\/uploads\/2023\/04\/cropped-Youtopia_RGB.png\",\"width\":135,\"height\":37,\"caption\":\"Youtopia Villas | Ios, Greece\"},\"image\":{\"@id\":\"https:\/\/youtopiaios.com\/#\/schema\/logo\/image\/\"}}]}<\/script>\n<!-- \/ Yoast SEO plugin. -->","yoast_head_json":{"title":"H\u00e9bergement - Youtopia Villas | Ios, Greece","robots":{"index":"index","follow":"follow","max-snippet":"max-snippet:-1","max-image-preview":"max-image-preview:large","max-video-preview":"max-video-preview:-1"},"canonical":"https:\/\/youtopiaios.com\/el\/rooms\/","og_locale":"fr_FR","og_type":"article","og_title":"H\u00e9bergement - Youtopia Villas | Ios, Greece","og_description":"Exp\u00e9rience de s\u00e9jour inoubliable L es villas de Youtopia Ios offrent des moments uniques \u00e0 tous les clients qui les choisissent pour leur s\u00e9jour. Avec des d\u00e9tails soign\u00e9s, fabriqu\u00e9s \u00e0 partir de mat\u00e9riaux naturels et avec des \u00e9quipements et installations luxueux, vos vacances \u00e0 Youtopia Ios vous laisseront les meilleures impressions ! D\u00e9couvrez le luxe [&hellip;]","og_url":"https:\/\/youtopiaios.com\/el\/rooms\/","og_site_name":"Youtopia Villas | Ios, Greece","article_modified_time":"2025-06-02T12:37:14+00:00","og_image":[{"url":"https:\/\/youtopiaios.com\/wp-content\/uploads\/2023\/07\/youtopia-villa-1-620x787.jpg"}],"twitter_card":"summary_large_image","twitter_misc":{"Dur\u00e9e de lecture estim\u00e9e":"2 minutes"},"schema":{"@context":"https:\/\/schema.org","@graph":[{"@type":"WebPage","@id":"https:\/\/youtopiaios.com\/el\/rooms\/","url":"https:\/\/youtopiaios.com\/el\/rooms\/","name":"H\u00e9bergement - Youtopia Villas | Ios, Greece","isPartOf":{"@id":"https:\/\/youtopiaios.com\/#website"},"datePublished":"2020-09-03T06:26:39+00:00","dateModified":"2025-06-02T12:37:14+00:00","breadcrumb":{"@id":"https:\/\/youtopiaios.com\/el\/rooms\/#breadcrumb"},"inLanguage":"fr-FR","potentialAction":[{"@type":"ReadAction","target":["https:\/\/youtopiaios.com\/el\/rooms\/"]}]},{"@type":"BreadcrumbList","@id":"https:\/\/youtopiaios.com\/el\/rooms\/#breadcrumb","itemListElement":[{"@type":"ListItem","position":1,"name":"Home","item":"https:\/\/youtopiaios.com\/"},{"@type":"ListItem","position":2,"name":"H\u00e9bergement"}]},{"@type":"WebSite","@id":"https:\/\/youtopiaios.com\/#website","url":"https:\/\/youtopiaios.com\/","name":"Youtopia Villas | Ios, Greece","description":"Luxury accommodation in Ios | Youtopia Villas","publisher":{"@id":"https:\/\/youtopiaios.com\/#organization"},"potentialAction":[{"@type":"SearchAction","target":{"@type":"EntryPoint","urlTemplate":"https:\/\/youtopiaios.com\/?s={search_term_string}"},"query-input":"required name=search_term_string"}],"inLanguage":"fr-FR"},{"@type":"Organization","@id":"https:\/\/youtopiaios.com\/#organization","name":"Youtopia Villas | Ios, Greece","url":"https:\/\/youtopiaios.com\/","logo":{"@type":"ImageObject","inLanguage":"fr-FR","@id":"https:\/\/youtopiaios.com\/#\/schema\/logo\/image\/","url":"https:\/\/youtopiaios.com\/wp-content\/uploads\/2023\/04\/cropped-Youtopia_RGB.png","contentUrl":"https:\/\/youtopiaios.com\/wp-content\/uploads\/2023\/04\/cropped-Youtopia_RGB.png","width":135,"height":37,"caption":"Youtopia Villas | Ios, Greece"},"image":{"@id":"https:\/\/youtopiaios.com\/#\/schema\/logo\/image\/"}}]}},"_links":{"self":[{"href":"https:\/\/youtopiaios.com\/fr\/wp-json\/wp\/v2\/pages\/10273"}],"collection":[{"href":"https:\/\/youtopiaios.com\/fr\/wp-json\/wp\/v2\/pages"}],"about":[{"href":"https:\/\/youtopiaios.com\/fr\/wp-json\/wp\/v2\/types\/page"}],"author":[{"embeddable":true,"href":"https:\/\/youtopiaios.com\/fr\/wp-json\/wp\/v2\/users\/1"}],"replies":[{"embeddable":true,"href":"https:\/\/youtopiaios.com\/fr\/wp-json\/wp\/v2\/comments?post=10273"}],"version-history":[{"count":26,"href":"https:\/\/youtopiaios.com\/fr\/wp-json\/wp\/v2\/pages\/10273\/revisions"}],"predecessor-version":[{"id":11528,"href":"https:\/\/youtopiaios.com\/fr\/wp-json\/wp\/v2\/pages\/10273\/revisions\/11528"}],"wp:attachment":[{"href":"https:\/\/youtopiaios.com\/fr\/wp-json\/wp\/v2\/media?parent=10273"}],"curies":[{"name":"wp","href":"https:\/\/api.w.org\/{rel}","templated":true}]}}