
{"id":10380,"date":"2020-03-31T13:25:00","date_gmt":"2020-03-31T13:25:00","guid":{"rendered":"https:\/\/youtopiaios.com\/contact\/"},"modified":"2023-09-26T12:14:05","modified_gmt":"2023-09-26T09:14:05","slug":"contact","status":"publish","type":"page","link":"https:\/\/youtopiaios.com\/fr\/contact\/","title":{"rendered":"Contact"},"content":{"rendered":"\t\t<div data-elementor-type=\"wp-page\" data-elementor-id=\"10380\" class=\"elementor elementor-10380 elementor-2531\">\n\t\t\t\t\t\t\t\t\t<section class=\"elementor-section elementor-top-section elementor-element elementor-element-c9042e3 elementor-section-full_width qodef-elementor-content-grid elementor-section-height-default elementor-section-height-default\" data-id=\"c9042e3\" data-element_type=\"section\">\n\t\t\t\t\t\t<div class=\"elementor-container elementor-column-gap-no\">\n\t\t\t\t\t<div class=\"elementor-column elementor-col-50 elementor-top-column elementor-element elementor-element-cc5b1cc\" data-id=\"cc5b1cc\" data-element_type=\"column\">\n\t\t\t<div class=\"elementor-widget-wrap elementor-element-populated\">\n\t\t\t\t\t\t\t\t<div class=\"elementor-element elementor-element-8f268a7 elementor-widget elementor-widget-text-editor\" data-id=\"8f268a7\" data-element_type=\"widget\" data-widget_type=\"text-editor.default\">\n\t\t\t\t<div class=\"elementor-widget-container\">\n\t\t\t\t\t\t\t<h4>\u00c0 propos de Youtopia Ios<\/h4>\t\t\t\t\t\t<\/div>\n\t\t\t\t<\/div>\n\t\t\t\t<div class=\"elementor-element elementor-element-d48a068 elementor-widget elementor-widget-text-editor\" data-id=\"d48a068\" data-element_type=\"widget\" data-widget_type=\"text-editor.default\">\n\t\t\t\t<div class=\"elementor-widget-container\">\n\t\t\t\t\t\t\t<p>Un petit paradis, \u00e0 10 minutes du port d\u2019Ios, est pr\u00eat \u00e0 accueillir vos vacances en offrant luxe et confort \u00e0 votre s\u00e9jour. Les villas de Youtopia Ios sont con\u00e7ues avec des mat\u00e9riaux naturels, une d\u00e9coration moderne et des d\u00e9tails luxueux. L\u2019emplacement de Youtopia Ios offre une vue unique sur le port de l\u2019\u00eele et les magnifiques couchers de soleil d\u2019Ios, tout en \u00e9tant id\u00e9al pour explorer les plages voisines et les attractions de l\u2019\u00eele.<\/p>\t\t\t\t\t\t<\/div>\n\t\t\t\t<\/div>\n\t\t\t\t<div class=\"elementor-element elementor-element-1559b60 elementor-widget elementor-widget-text-editor\" data-id=\"1559b60\" data-element_type=\"widget\" data-widget_type=\"text-editor.default\">\n\t\t\t\t<div class=\"elementor-widget-container\">\n\t\t\t\t\t\t\t<h4>Informations de contact<\/h4>\t\t\t\t\t\t<\/div>\n\t\t\t\t<\/div>\n\t\t\t\t<div class=\"elementor-element elementor-element-6cedd86 elementor-widget elementor-widget-text-editor\" data-id=\"6cedd86\" data-element_type=\"widget\" data-widget_type=\"text-editor.default\">\n\t\t\t\t<div class=\"elementor-widget-container\">\n\t\t\t\t\t\t\t<p>T\u00e9l\u00e9phone: <a href=\"tel:+30 698 976 3107\">+30 698 976 3107<\/a><br \/>Adresse: Mpouris 840 01, Ios, Greece<br \/>Email: <a href=\"mailto:youtopia.ios@gmail.com\">youtopia.ios@gmail.com<br \/><\/a><\/p>\t\t\t\t\t\t<\/div>\n\t\t\t\t<\/div>\n\t\t\t\t<div class=\"elementor-element elementor-element-e5df33e elementor-widget elementor-widget-text-editor\" data-id=\"e5df33e\" data-element_type=\"widget\" data-widget_type=\"text-editor.default\">\n\t\t\t\t<div class=\"elementor-widget-container\">\n\t\t\t\t\t\t\t<h4>Comment se rendre \u00e0 Ios<\/h4>\t\t\t\t\t\t<\/div>\n\t\t\t\t<\/div>\n\t\t\t\t<div class=\"elementor-element elementor-element-e56eff2 elementor-widget elementor-widget-text-editor\" data-id=\"e56eff2\" data-element_type=\"widget\" data-widget_type=\"text-editor.default\">\n\t\t\t\t<div class=\"elementor-widget-container\">\n\t\t\t\t\t\t\t<p><strong>PAR AVION:<\/strong><br \/>Ios n\u2019a pas d\u2019a\u00e9roport. Si vous souhaitez couvrir la majeure partie de votre voyage en avion, vous pouvez vous rendre dans les \u00eeles voisines de Mykonos ou Santorin et vous rendre \u00e0 Ios en ferry.<\/p><p><strong>PAR VOIE DE NAVIGATION COTIERE:<\/strong><br \/>Vous pouvez rejoindre Ios en bateau depuis le port du Pir\u00e9e ou de Rafina. Les itin\u00e9raires des navires varient selon la saison. Selon l\u2019itin\u00e9raire que vous choisissez, le voyage peut durer de 3-4 heures \u00e0 11-12 heures.<\/p>\t\t\t\t\t\t<\/div>\n\t\t\t\t<\/div>\n\t\t\t\t\t<\/div>\n\t\t<\/div>\n\t\t\t\t<div class=\"elementor-column elementor-col-50 elementor-top-column elementor-element elementor-element-7ca5e6f\" data-id=\"7ca5e6f\" data-element_type=\"column\">\n\t\t\t<div class=\"elementor-widget-wrap elementor-element-populated\">\n\t\t\t\t\t\t\t\t<div class=\"elementor-element elementor-element-f52185c elementor-widget elementor-widget-text-editor\" data-id=\"f52185c\" data-element_type=\"widget\" data-widget_type=\"text-editor.default\">\n\t\t\t\t<div class=\"elementor-widget-container\">\n\t\t\t\t\t\t\t<h4>Contactez-nous<\/h4>\t\t\t\t\t\t<\/div>\n\t\t\t\t<\/div>\n\t\t\t\t<div class=\"elementor-element elementor-element-f340d5e elementor-widget elementor-widget-text-editor\" data-id=\"f340d5e\" data-element_type=\"widget\" data-widget_type=\"text-editor.default\">\n\t\t\t\t<div class=\"elementor-widget-container\">\n\t\t\t\t\t\t\t<p>Nous sommes toujours \u00e0 votre disposition pour toute information ou question. Nous serons heureux de vous servir avec tout ce dont vous avez besoin.<\/p>\t\t\t\t\t\t<\/div>\n\t\t\t\t<\/div>\n\t\t\t\t<div class=\"elementor-element elementor-element-694fb05 elementor-widget elementor-widget-wp-widget-alloggio_core_contact_form_7\" data-id=\"694fb05\" data-element_type=\"widget\" data-widget_type=\"wp-widget-alloggio_core_contact_form_7.default\">\n\t\t\t\t<div class=\"elementor-widget-container\">\n\t\t\t\t\t\t<div class=\"qodef-contact-form-7\">\n\t\t\t\t\n<div class=\"wpcf7 no-js\" id=\"wpcf7-f10845-o1\" lang=\"en-US\" dir=\"ltr\">\n<div class=\"screen-reader-response\"><p role=\"status\" aria-live=\"polite\" aria-atomic=\"true\"><\/p> <ul><\/ul><\/div>\n<form action=\"\/fr\/wp-json\/wp\/v2\/pages\/10380#wpcf7-f10845-o1\" method=\"post\" class=\"wpcf7-form init\" aria-label=\"Contact form\" novalidate=\"novalidate\" data-status=\"init\">\n<div style=\"display: none;\">\n<input type=\"hidden\" name=\"_wpcf7\" value=\"10845\" \/>\n<input type=\"hidden\" name=\"_wpcf7_version\" value=\"5.7.5.1\" \/>\n<input type=\"hidden\" name=\"_wpcf7_locale\" value=\"en_US\" \/>\n<input type=\"hidden\" name=\"_wpcf7_unit_tag\" value=\"wpcf7-f10845-o1\" \/>\n<input type=\"hidden\" name=\"_wpcf7_container_post\" value=\"0\" \/>\n<input type=\"hidden\" name=\"_wpcf7_posted_data_hash\" value=\"\" \/>\n<input type=\"hidden\" name=\"_wpcf7_recaptcha_response\" value=\"\" \/>\n<\/div>\n<div class=\"qodef-grid qodef-gutter--small\">\n\t<div class=\"qodef-grid-inner\">\n\t\t<div class=\"qodef-grid-item\">\n\t\t\t<p><label> NAME<br \/>\n<span class=\"wpcf7-form-control-wrap\" data-name=\"your-name\"><input size=\"40\" class=\"wpcf7-form-control wpcf7-text wpcf7-validates-as-required\" aria-required=\"true\" aria-invalid=\"false\" value=\"\" type=\"text\" name=\"your-name\" \/><\/span> <\/label>\n\t\t\t<\/p>\n\t\t<\/div>\n\t<\/div>\n<\/div>\n<div class=\"qodef-grid qodef-gutter--small\">\n\t<div class=\"qodef-grid-inner\">\n\t\t<div class=\"qodef-grid-item\">\n\t\t\t<p><label> EMAIL ADDRESS<br \/>\n<span class=\"wpcf7-form-control-wrap\" data-name=\"your-email\"><input size=\"40\" class=\"wpcf7-form-control wpcf7-text wpcf7-email wpcf7-validates-as-required wpcf7-validates-as-email\" aria-required=\"true\" aria-invalid=\"false\" value=\"\" type=\"email\" name=\"your-email\" \/><\/span> <\/label>\n\t\t\t<\/p>\n\t\t<\/div>\n\t<\/div>\n<\/div>\n<div class=\"qodef-grid qodef-gutter--normal\">\n\t<div class=\"qodef-grid-inner\">\n\t\t<div class=\"qodef-grid-item\">\n\t\t\t<p><label> YOUR MESSAGE<br \/>\n<span class=\"wpcf7-form-control-wrap\" data-name=\"your-message\"><textarea cols=\"40\" rows=\"6\" class=\"wpcf7-form-control wpcf7-textarea\" aria-invalid=\"false\" name=\"your-message\"><\/textarea><\/span> <\/label>\n\t\t\t<\/p>\n\t\t<\/div>\n\t<\/div>\n<\/div>\n<p><button class=\"wpcf7-form-control wpcf7-submit qodef-button qodef-size--normal qodef-type--outlined qodef-m\" type=\"submit\"><span class=\"qodef-m-text\">SEND<\/span><\/button>\n<\/p><div class=\"wpcf7-response-output\" aria-hidden=\"true\"><\/div>\n<\/form>\n<\/div>\n\t\t\t<\/div>\n\t\t\t\t\t<\/div>\n\t\t\t\t<\/div>\n\t\t\t\t\t<\/div>\n\t\t<\/div>\n\t\t\t\t\t\t\t<\/div>\n\t\t<\/section>\n\t\t\t\t<section class=\"elementor-section elementor-top-section elementor-element elementor-element-7314d6f elementor-section-full_width elementor-section-height-default elementor-section-height-default qodef-elementor-content-no\" data-id=\"7314d6f\" data-element_type=\"section\">\n\t\t\t\t\t\t<div class=\"elementor-container elementor-column-gap-default\">\n\t\t\t\t\t<div class=\"elementor-column elementor-col-100 elementor-top-column elementor-element elementor-element-934f8c3\" data-id=\"934f8c3\" data-element_type=\"column\">\n\t\t\t<div class=\"elementor-widget-wrap elementor-element-populated\">\n\t\t\t\t\t\t\t\t<div class=\"elementor-element elementor-element-df27638 elementor-widget elementor-widget-google_maps\" data-id=\"df27638\" data-element_type=\"widget\" data-widget_type=\"google_maps.default\">\n\t\t\t\t<div class=\"elementor-widget-container\">\n\t\t\t\t\t<div class=\"elementor-custom-embed\">\n\t\t\t<iframe loading=\"lazy\"\n\t\t\t\t\tsrc=\"https:\/\/maps.google.com\/maps?q=youtopia%20ios&#038;t=m&#038;z=10&#038;output=embed&#038;iwloc=near\"\n\t\t\t\t\ttitle=\"youtopia ios\"\n\t\t\t\t\taria-label=\"youtopia ios\"\n\t\t\t><\/iframe>\n\t\t<\/div>\n\t\t\t\t<\/div>\n\t\t\t\t<\/div>\n\t\t\t\t\t<\/div>\n\t\t<\/div>\n\t\t\t\t\t\t\t<\/div>\n\t\t<\/section>\n\t\t\t\t<section class=\"elementor-section elementor-top-section elementor-element elementor-element-48920046 elementor-section-full_width elementor-section-height-default elementor-section-height-default qodef-elementor-content-no\" data-id=\"48920046\" data-element_type=\"section\">\n\t\t\t\t\t\t<div class=\"elementor-container elementor-column-gap-no\">\n\t\t\t\t\t<div class=\"elementor-column elementor-col-100 elementor-top-column elementor-element elementor-element-2a6f310b\" data-id=\"2a6f310b\" data-element_type=\"column\" data-settings=\"{&quot;background_background&quot;:&quot;classic&quot;}\">\n\t\t\t<div class=\"elementor-widget-wrap elementor-element-populated\">\n\t\t\t\t\t\t\t\t<div class=\"elementor-element elementor-element-23f4ec0d elementor-widget elementor-widget-wp-widget-alloggio_core_contact_form_7\" data-id=\"23f4ec0d\" data-element_type=\"widget\" data-widget_type=\"wp-widget-alloggio_core_contact_form_7.default\">\n\t\t\t\t<div class=\"elementor-widget-container\">\n\t\t\t\t\t\t<div class=\"qodef-contact-form-7\">\n\t\t\t\t\n<div class=\"wpcf7 no-js\" id=\"wpcf7-f10851-o2\" lang=\"en-US\" dir=\"ltr\">\n<div class=\"screen-reader-response\"><p role=\"status\" aria-live=\"polite\" aria-atomic=\"true\"><\/p> <ul><\/ul><\/div>\n<form action=\"\/fr\/wp-json\/wp\/v2\/pages\/10380#wpcf7-f10851-o2\" method=\"post\" class=\"wpcf7-form init\" aria-label=\"Contact form\" novalidate=\"novalidate\" data-status=\"init\">\n<div style=\"display: none;\">\n<input type=\"hidden\" name=\"_wpcf7\" value=\"10851\" \/>\n<input type=\"hidden\" name=\"_wpcf7_version\" value=\"5.7.5.1\" \/>\n<input type=\"hidden\" name=\"_wpcf7_locale\" value=\"en_US\" \/>\n<input type=\"hidden\" name=\"_wpcf7_unit_tag\" value=\"wpcf7-f10851-o2\" \/>\n<input type=\"hidden\" name=\"_wpcf7_container_post\" value=\"0\" \/>\n<input type=\"hidden\" name=\"_wpcf7_posted_data_hash\" value=\"\" \/>\n<input type=\"hidden\" name=\"_wpcf7_recaptcha_response\" value=\"\" \/>\n<\/div>\n<div class=\"qodef-newsletter-form-style\">\n\t<h2 class=\"qodef-e-title\"><span class=\"icon-basic-mail-open-text qodef-e-icon\"><\/span>Subscribe to our newsletter\n\t<\/h2>\n\t<p><span class=\"wpcf7-form-control-wrap\" data-name=\"your-email\"><input size=\"40\" class=\"wpcf7-form-control wpcf7-text wpcf7-email wpcf7-validates-as-required wpcf7-validates-as-email\" aria-required=\"true\" aria-invalid=\"false\" placeholder=\"Email Address\" value=\"\" type=\"email\" name=\"your-email\" \/><\/span><button class=\"wpcf7-form-control wpcf7-submit qodef-button qodef-size--normal qodef-type--outlined qodef-m\" type=\"submit\"><span class=\"qodef-m-text\">SUBSCRIBE<\/span><\/button>\n\t<\/p>\n<\/div><div class=\"wpcf7-response-output\" aria-hidden=\"true\"><\/div>\n<\/form>\n<\/div>\n\t\t\t<\/div>\n\t\t\t\t\t<\/div>\n\t\t\t\t<\/div>\n\t\t\t\t\t<\/div>\n\t\t<\/div>\n\t\t\t\t\t\t\t<\/div>\n\t\t<\/section>\n\t\t\t\t\t\t\t<\/div>\n\t\t","protected":false},"excerpt":{"rendered":"<p>\u00c0 propos de Youtopia Ios Un petit paradis, \u00e0 10 minutes du port d\u2019Ios, est pr\u00eat \u00e0 accueillir vos vacances en offrant luxe et confort \u00e0 votre s\u00e9jour. Les villas de Youtopia Ios sont con\u00e7ues avec des mat\u00e9riaux naturels, une d\u00e9coration moderne et des d\u00e9tails luxueux. L\u2019emplacement de Youtopia Ios offre une vue unique sur [&hellip;]<\/p>\n","protected":false},"author":1,"featured_media":0,"parent":0,"menu_order":0,"comment_status":"closed","ping_status":"closed","template":"page-full-width.php","meta":[],"yoast_head":"<!-- This site is optimized with the Yoast SEO plugin v20.12 - https:\/\/yoast.com\/wordpress\/plugins\/seo\/ -->\n<title>Contact - Youtopia Villas | Ios, Greece<\/title>\n<meta name=\"robots\" content=\"index, follow, max-snippet:-1, max-image-preview:large, max-video-preview:-1\" \/>\n<link rel=\"canonical\" href=\"https:\/\/youtopiaios.com\/contact\/\" \/>\n<meta property=\"og:locale\" content=\"fr_FR\" \/>\n<meta property=\"og:type\" content=\"article\" \/>\n<meta property=\"og:title\" content=\"Contact - Youtopia Villas | Ios, Greece\" \/>\n<meta property=\"og:description\" content=\"\u00c0 propos de Youtopia Ios Un petit paradis, \u00e0 10 minutes du port d\u2019Ios, est pr\u00eat \u00e0 accueillir vos vacances en offrant luxe et confort \u00e0 votre s\u00e9jour. Les villas de Youtopia Ios sont con\u00e7ues avec des mat\u00e9riaux naturels, une d\u00e9coration moderne et des d\u00e9tails luxueux. L\u2019emplacement de Youtopia Ios offre une vue unique sur [&hellip;]\" \/>\n<meta property=\"og:url\" content=\"https:\/\/youtopiaios.com\/contact\/\" \/>\n<meta property=\"og:site_name\" content=\"Youtopia Villas | Ios, Greece\" \/>\n<meta property=\"article:modified_time\" content=\"2023-09-26T09:14:05+00:00\" \/>\n<meta name=\"twitter:card\" content=\"summary_large_image\" \/>\n<meta name=\"twitter:label1\" content=\"Dur\u00e9e de lecture estim\u00e9e\" \/>\n\t<meta name=\"twitter:data1\" content=\"2 minutes\" \/>\n<script type=\"application\/ld+json\" class=\"yoast-schema-graph\">{\"@context\":\"https:\/\/schema.org\",\"@graph\":[{\"@type\":\"WebPage\",\"@id\":\"https:\/\/youtopiaios.com\/contact\/\",\"url\":\"https:\/\/youtopiaios.com\/contact\/\",\"name\":\"Contact - Youtopia Villas | Ios, Greece\",\"isPartOf\":{\"@id\":\"https:\/\/youtopiaios.com\/#website\"},\"datePublished\":\"2020-03-31T13:25:00+00:00\",\"dateModified\":\"2023-09-26T09:14:05+00:00\",\"breadcrumb\":{\"@id\":\"https:\/\/youtopiaios.com\/contact\/#breadcrumb\"},\"inLanguage\":\"fr-FR\",\"potentialAction\":[{\"@type\":\"ReadAction\",\"target\":[\"https:\/\/youtopiaios.com\/contact\/\"]}]},{\"@type\":\"BreadcrumbList\",\"@id\":\"https:\/\/youtopiaios.com\/contact\/#breadcrumb\",\"itemListElement\":[{\"@type\":\"ListItem\",\"position\":1,\"name\":\"Home\",\"item\":\"https:\/\/youtopiaios.com\/\"},{\"@type\":\"ListItem\",\"position\":2,\"name\":\"Contact\"}]},{\"@type\":\"WebSite\",\"@id\":\"https:\/\/youtopiaios.com\/#website\",\"url\":\"https:\/\/youtopiaios.com\/\",\"name\":\"Youtopia Villas | Ios, Greece\",\"description\":\"Luxury accommodation in Ios | Youtopia Villas\",\"publisher\":{\"@id\":\"https:\/\/youtopiaios.com\/#organization\"},\"potentialAction\":[{\"@type\":\"SearchAction\",\"target\":{\"@type\":\"EntryPoint\",\"urlTemplate\":\"https:\/\/youtopiaios.com\/?s={search_term_string}\"},\"query-input\":\"required name=search_term_string\"}],\"inLanguage\":\"fr-FR\"},{\"@type\":\"Organization\",\"@id\":\"https:\/\/youtopiaios.com\/#organization\",\"name\":\"Youtopia Villas | Ios, Greece\",\"url\":\"https:\/\/youtopiaios.com\/\",\"logo\":{\"@type\":\"ImageObject\",\"inLanguage\":\"fr-FR\",\"@id\":\"https:\/\/youtopiaios.com\/#\/schema\/logo\/image\/\",\"url\":\"https:\/\/youtopiaios.com\/wp-content\/uploads\/2023\/04\/cropped-Youtopia_RGB.png\",\"contentUrl\":\"https:\/\/youtopiaios.com\/wp-content\/uploads\/2023\/04\/cropped-Youtopia_RGB.png\",\"width\":135,\"height\":37,\"caption\":\"Youtopia Villas | Ios, Greece\"},\"image\":{\"@id\":\"https:\/\/youtopiaios.com\/#\/schema\/logo\/image\/\"}}]}<\/script>\n<!-- \/ Yoast SEO plugin. -->","yoast_head_json":{"title":"Contact - Youtopia Villas | Ios, Greece","robots":{"index":"index","follow":"follow","max-snippet":"max-snippet:-1","max-image-preview":"max-image-preview:large","max-video-preview":"max-video-preview:-1"},"canonical":"https:\/\/youtopiaios.com\/contact\/","og_locale":"fr_FR","og_type":"article","og_title":"Contact - Youtopia Villas | Ios, Greece","og_description":"\u00c0 propos de Youtopia Ios Un petit paradis, \u00e0 10 minutes du port d\u2019Ios, est pr\u00eat \u00e0 accueillir vos vacances en offrant luxe et confort \u00e0 votre s\u00e9jour. Les villas de Youtopia Ios sont con\u00e7ues avec des mat\u00e9riaux naturels, une d\u00e9coration moderne et des d\u00e9tails luxueux. L\u2019emplacement de Youtopia Ios offre une vue unique sur [&hellip;]","og_url":"https:\/\/youtopiaios.com\/contact\/","og_site_name":"Youtopia Villas | Ios, Greece","article_modified_time":"2023-09-26T09:14:05+00:00","twitter_card":"summary_large_image","twitter_misc":{"Dur\u00e9e de lecture estim\u00e9e":"2 minutes"},"schema":{"@context":"https:\/\/schema.org","@graph":[{"@type":"WebPage","@id":"https:\/\/youtopiaios.com\/contact\/","url":"https:\/\/youtopiaios.com\/contact\/","name":"Contact - Youtopia Villas | Ios, Greece","isPartOf":{"@id":"https:\/\/youtopiaios.com\/#website"},"datePublished":"2020-03-31T13:25:00+00:00","dateModified":"2023-09-26T09:14:05+00:00","breadcrumb":{"@id":"https:\/\/youtopiaios.com\/contact\/#breadcrumb"},"inLanguage":"fr-FR","potentialAction":[{"@type":"ReadAction","target":["https:\/\/youtopiaios.com\/contact\/"]}]},{"@type":"BreadcrumbList","@id":"https:\/\/youtopiaios.com\/contact\/#breadcrumb","itemListElement":[{"@type":"ListItem","position":1,"name":"Home","item":"https:\/\/youtopiaios.com\/"},{"@type":"ListItem","position":2,"name":"Contact"}]},{"@type":"WebSite","@id":"https:\/\/youtopiaios.com\/#website","url":"https:\/\/youtopiaios.com\/","name":"Youtopia Villas | Ios, Greece","description":"Luxury accommodation in Ios | Youtopia Villas","publisher":{"@id":"https:\/\/youtopiaios.com\/#organization"},"potentialAction":[{"@type":"SearchAction","target":{"@type":"EntryPoint","urlTemplate":"https:\/\/youtopiaios.com\/?s={search_term_string}"},"query-input":"required name=search_term_string"}],"inLanguage":"fr-FR"},{"@type":"Organization","@id":"https:\/\/youtopiaios.com\/#organization","name":"Youtopia Villas | Ios, Greece","url":"https:\/\/youtopiaios.com\/","logo":{"@type":"ImageObject","inLanguage":"fr-FR","@id":"https:\/\/youtopiaios.com\/#\/schema\/logo\/image\/","url":"https:\/\/youtopiaios.com\/wp-content\/uploads\/2023\/04\/cropped-Youtopia_RGB.png","contentUrl":"https:\/\/youtopiaios.com\/wp-content\/uploads\/2023\/04\/cropped-Youtopia_RGB.png","width":135,"height":37,"caption":"Youtopia Villas | Ios, Greece"},"image":{"@id":"https:\/\/youtopiaios.com\/#\/schema\/logo\/image\/"}}]}},"_links":{"self":[{"href":"https:\/\/youtopiaios.com\/fr\/wp-json\/wp\/v2\/pages\/10380"}],"collection":[{"href":"https:\/\/youtopiaios.com\/fr\/wp-json\/wp\/v2\/pages"}],"about":[{"href":"https:\/\/youtopiaios.com\/fr\/wp-json\/wp\/v2\/types\/page"}],"author":[{"embeddable":true,"href":"https:\/\/youtopiaios.com\/fr\/wp-json\/wp\/v2\/users\/1"}],"replies":[{"embeddable":true,"href":"https:\/\/youtopiaios.com\/fr\/wp-json\/wp\/v2\/comments?post=10380"}],"version-history":[{"count":11,"href":"https:\/\/youtopiaios.com\/fr\/wp-json\/wp\/v2\/pages\/10380\/revisions"}],"predecessor-version":[{"id":10875,"href":"https:\/\/youtopiaios.com\/fr\/wp-json\/wp\/v2\/pages\/10380\/revisions\/10875"}],"wp:attachment":[{"href":"https:\/\/youtopiaios.com\/fr\/wp-json\/wp\/v2\/media?parent=10380"}],"curies":[{"name":"wp","href":"https:\/\/api.w.org\/{rel}","templated":true}]}}