
{"id":10447,"date":"2020-04-01T09:13:11","date_gmt":"2020-04-01T09:13:11","guid":{"rendered":"https:\/\/youtopiaios.com\/frequently-asked-questions\/"},"modified":"2023-09-26T12:28:09","modified_gmt":"2023-09-26T09:28:09","slug":"frequently-asked-questions","status":"publish","type":"page","link":"https:\/\/youtopiaios.com\/fr\/frequently-asked-questions\/","title":{"rendered":"Questions fr\u00e9quentes"},"content":{"rendered":"\t\t<div data-elementor-type=\"wp-page\" data-elementor-id=\"10447\" class=\"elementor elementor-10447 elementor-2694\">\n\t\t\t\t\t\t\t\t\t<section class=\"elementor-section elementor-top-section elementor-element elementor-element-ba24173 elementor-section-full_width qodef-elementor-content-grid elementor-section-height-default elementor-section-height-default\" data-id=\"ba24173\" data-element_type=\"section\">\n\t\t\t\t\t\t<div class=\"elementor-container elementor-column-gap-no\">\n\t\t\t\t\t<div class=\"elementor-column elementor-col-100 elementor-top-column elementor-element elementor-element-ad81f16\" data-id=\"ad81f16\" data-element_type=\"column\">\n\t\t\t<div class=\"elementor-widget-wrap elementor-element-populated\">\n\t\t\t\t\t\t\t\t<div class=\"elementor-element elementor-element-6e1263f elementor-widget elementor-widget-spacer\" data-id=\"6e1263f\" data-element_type=\"widget\" data-widget_type=\"spacer.default\">\n\t\t\t\t<div class=\"elementor-widget-container\">\n\t\t\t\t\t<div class=\"elementor-spacer\">\n\t\t\t<div class=\"elementor-spacer-inner\"><\/div>\n\t\t<\/div>\n\t\t\t\t<\/div>\n\t\t\t\t<\/div>\n\t\t\t\t<div class=\"elementor-element elementor-element-3dc2385 elementor-widget elementor-widget-alloggio_core_accordion\" data-id=\"3dc2385\" data-element_type=\"widget\" data-widget_type=\"alloggio_core_accordion.default\">\n\t\t\t\t<div class=\"elementor-widget-container\">\n\t\t\t<div class=\"qodef-shortcode qodef-m  qodef-accordion clear qodef-behavior--accordion qodef-layout--simple\">\n\t<h4 class=\"qodef-accordion-title\">\n\t<span class=\"qodef-tab-title\">\n\t\tPourquoi choisir Youtopia Ios pour mon s\u00e9jour \u00e0 Ios ?\t<\/span>\n\t<span class=\"qodef-accordion-mark\">\n\t\t<span class=\"qodef-icon--arrow-down\"><span class=\"qodef-icon-linea-icons icon-arrows-down\" ><\/span><\/span>\n\t\t<span class=\"qodef-icon--arrow-up\"><span class=\"qodef-icon-linea-icons icon-arrows-up\" ><\/span><\/span>\n\t<\/span>\n<\/h4>\n<div class=\"qodef-accordion-content\">\n\t<div class=\"qodef-accordion-content-inner\">\n\t\t<p>\u03a4\u03bf Youtopia Ios \u03b4\u03b7\u03bc\u03b9\u03bf\u03c5\u03c1\u03b3\u03ae\u03b8\u03b7\u03ba\u03b5 \u03b3\u03b9\u03b1 \u03bd\u03b1 \u03c0\u03c1\u03bf\u03c3\u03c6\u03ad\u03c1\u03b5\u03b9 \u03c0\u03bf\u03bb\u03c5\u03c4\u03ad\u03bb\u03b5\u03b9\u03b1 \u03ba\u03b1\u03b9 \u03ac\u03bd\u03b5\u03c3\u03b7 \u03c3\u03c4\u03b9\u03c2 \u03b4\u03b9\u03b1\u03ba\u03bf\u03c0\u03ad\u03c2 \u03c3\u03b1\u03c2. \u039f\u03b9 \u03b2\u03af\u03bb\u03b5\u03c2 \u03c4\u03bf\u03c5 \u03ba\u03b1\u03c4\u03b1\u03bb\u03cd\u03bc\u03b1\u03c4\u03bf\u03c2 \u03b5\u03af\u03bd\u03b1\u03b9 \u03c6\u03c4\u03b9\u03b1\u03b3\u03bc\u03ad\u03bd\u03b5\u03c2 \u03bc\u03b5 \u03c6\u03c5\u03c3\u03b9\u03ba\u03ac \u03c5\u03bb\u03b9\u03ba\u03ac \u03ba\u03b1\u03b9 \u03c0\u03bb\u03ae\u03c1\u03c9\u03c2 \u03b5\u03bd\u03b1\u03c1\u03bc\u03bf\u03bd\u03b9\u03c3\u03bc\u03ad\u03bd\u03b5\u03c2 \u03bc\u03b5 \u03c4\u03bf \u03c0\u03b5\u03c1\u03b9\u03b2\u03ac\u03bb\u03bb\u03bf\u03bd \u03c0\u03bf\u03c5 \u03c4\u03b9\u03c2 \u03c0\u03b5\u03c1\u03b9\u03c4\u03c1\u03b9\u03b3\u03c5\u03c1\u03af\u03b6\u03b5\u03b9. \u039a\u03ac\u03b8\u03b5 \u03b2\u03af\u03bb\u03b1 \u03b5\u03af\u03bd\u03b1\u03b9 \u03b5\u03be\u03bf\u03c0\u03bb\u03b9\u03c3\u03bc\u03ad\u03bd\u03b7 \u03bc\u03b5 \u03cc\u03bb\u03b1 \u03cc\u03c3\u03b1 \u03b8\u03b1 \u03c7\u03c1\u03b5\u03b9\u03b1\u03c3\u03c4\u03b5\u03af\u03c4\u03b5 \u03b3\u03b9\u03b1 \u03c4\u03b7 \u03b4\u03b9\u03b1\u03bc\u03bf\u03bd\u03ae \u03c3\u03b1\u03c2 \u03c3\u03c4\u03bf \u03bd\u03b7\u03c3\u03af. \u039f\u03b9 \u03b5\u03c0\u03b9\u03c3\u03ba\u03ad\u03c0\u03c4\u03b5\u03c2 \u03b8\u03b1 \u03b2\u03c1\u03bf\u03c5\u03bd \u03c0\u03bb\u03ae\u03c1\u03c9\u03c2 \u03b5\u03be\u03bf\u03c0\u03bb\u03b9\u03c3\u03bc\u03ad\u03bd\u03b7 \u03ba\u03bf\u03c5\u03b6\u03af\u03bd\u03b1, \u03ba\u03b1\u03b8\u03b9\u03c3\u03c4\u03b9\u03ba\u03cc \u03c4\u03c1\u03b1\u03c0\u03b5\u03b6\u03b1\u03c1\u03af\u03b1, \u03ba\u03b1\u03b8\u03ce\u03c2 \u03ba\u03b1\u03b9 \u03b2\u03b5\u03c1\u03ac\u03bd\u03c4\u03b1 \u03bc\u03b5 \u03b9\u03b4\u03b9\u03c9\u03c4\u03b9\u03ba\u03ae \u03c0\u03b9\u03c3\u03af\u03bd\u03b1 \u03ba\u03b1\u03b9 \u03ad\u03c0\u03b9\u03c0\u03bb\u03b1 \u03b5\u03be\u03c9\u03c4\u03b5\u03c1\u03b9\u03ba\u03bf\u03cd \u03c7\u03ce\u03c1\u03bf\u03c5 \u03b3\u03b9\u03b1 \u03bd\u03b1 \u03b1\u03c0\u03bf\u03bb\u03b1\u03cd\u03c3\u03bf\u03c5\u03bd \u03c4\u03b7 \u03b8\u03ad\u03b1 \u03c3\u03c4\u03bf \u03bb\u03b9\u03bc\u03ac\u03bd\u03b9 \u03c4\u03b7\u03c2 \u038a\u03bf\u03c5 \u03ba\u03b1\u03b9 \u03c3\u03c4\u03b7 \u03b8\u03ac\u03bb\u03b1\u03c3\u03c3\u03b1.<\/p>\t<\/div>\n<\/div><h4 class=\"qodef-accordion-title\">\n\t<span class=\"qodef-tab-title\">\n\t\tA quelle heure fait-on le Check-In \/ Check-Out \u00e0 Youtopia Ios ?\t<\/span>\n\t<span class=\"qodef-accordion-mark\">\n\t\t<span class=\"qodef-icon--arrow-down\"><span class=\"qodef-icon-linea-icons icon-arrows-down\" ><\/span><\/span>\n\t\t<span class=\"qodef-icon--arrow-up\"><span class=\"qodef-icon-linea-icons icon-arrows-up\" ><\/span><\/span>\n\t<\/span>\n<\/h4>\n<div class=\"qodef-accordion-content\">\n\t<div class=\"qodef-accordion-content-inner\">\n\t\t<p>L\u2019enregistrement s\u2019effectue \u00e0 15h00 et le d\u00e9part \u00e0 11h00. Pour toute information concernant les heures d\u2019enregistrement et de d\u00e9part, veuillez nous contacter.<\/p>\t<\/div>\n<\/div><h4 class=\"qodef-accordion-title\">\n\t<span class=\"qodef-tab-title\">\n\t\tComment se rendre sur Youtopia Ios ?\t<\/span>\n\t<span class=\"qodef-accordion-mark\">\n\t\t<span class=\"qodef-icon--arrow-down\"><span class=\"qodef-icon-linea-icons icon-arrows-down\" ><\/span><\/span>\n\t\t<span class=\"qodef-icon--arrow-up\"><span class=\"qodef-icon-linea-icons icon-arrows-up\" ><\/span><\/span>\n\t<\/span>\n<\/h4>\n<div class=\"qodef-accordion-content\">\n\t<div class=\"qodef-accordion-content-inner\">\n\t\t<p>Youtopia Ios est \u00e0 seulement 10 minutes en voiture du port d\u2019Ios. Pour ceux qui le souhaitent, on peut vous r\u00e9cup\u00e9rer au port par l\u2019interm\u00e9diaire d\u2019un partenaire ext\u00e9rieur, apr\u00e8s consultation.<\/p>\t<\/div>\n<\/div><h4 class=\"qodef-accordion-title\">\n\t<span class=\"qodef-tab-title\">\n\t\tQuelles activit\u00e9s puis-je faire \u00e0 Ios ?\t<\/span>\n\t<span class=\"qodef-accordion-mark\">\n\t\t<span class=\"qodef-icon--arrow-down\"><span class=\"qodef-icon-linea-icons icon-arrows-down\" ><\/span><\/span>\n\t\t<span class=\"qodef-icon--arrow-up\"><span class=\"qodef-icon-linea-icons icon-arrows-up\" ><\/span><\/span>\n\t<\/span>\n<\/h4>\n<div class=\"qodef-accordion-content\">\n\t<div class=\"qodef-accordion-content-inner\">\n\t\t<p>Ios est connue pour sa vie nocturne. Mais c\u2019est aussi une \u00eele aux nombreux tr\u00e9sors naturels et historiques. Explorez les plages de l\u2019\u00eele depuis la terre ou la mer en louant un bateau, visitez la tombe d\u2019Hom\u00e8re et profitez de l\u2019architecture de l\u2019amphith\u00e9\u00e2tre d\u2019Odysseas Elytis.<\/p>\t<\/div>\n<\/div><h4 class=\"qodef-accordion-title\">\n\t<span class=\"qodef-tab-title\">\n\t\tCombien de personnes Youtopia Ios peut-elle h\u00e9berger ?\t<\/span>\n\t<span class=\"qodef-accordion-mark\">\n\t\t<span class=\"qodef-icon--arrow-down\"><span class=\"qodef-icon-linea-icons icon-arrows-down\" ><\/span><\/span>\n\t\t<span class=\"qodef-icon--arrow-up\"><span class=\"qodef-icon-linea-icons icon-arrows-up\" ><\/span><\/span>\n\t<\/span>\n<\/h4>\n<div class=\"qodef-accordion-content\">\n\t<div class=\"qodef-accordion-content-inner\">\n\t\t<p>Sur Youtopia Ios vous trouverez Youtopia Villa I qui peut accueillir jusqu\u2019\u00e0 6 personnes, Youtopia Villa II qui peut \u00e9galement accueillir jusqu\u2019\u00e0 6 personnes, ainsi que Grand Youtopia Villa qui peut accueillir jusqu\u2019\u00e0 8 personnes.<\/p>\t<\/div>\n<\/div><h4 class=\"qodef-accordion-title\">\n\t<span class=\"qodef-tab-title\">\n\t\tQuelles sont les prestations de services offertes par Youtopia Ios ?\t<\/span>\n\t<span class=\"qodef-accordion-mark\">\n\t\t<span class=\"qodef-icon--arrow-down\"><span class=\"qodef-icon-linea-icons icon-arrows-down\" ><\/span><\/span>\n\t\t<span class=\"qodef-icon--arrow-up\"><span class=\"qodef-icon-linea-icons icon-arrows-up\" ><\/span><\/span>\n\t<\/span>\n<\/h4>\n<div class=\"qodef-accordion-content\">\n\t<div class=\"qodef-accordion-content-inner\">\n\t\t<p>Les services de Youtopia Ios sont con\u00e7us pour apporter confort, commodit\u00e9 et luxe \u00e0 vos vacances sur l\u2019\u00eele. Nos services comprennent le transfert du port, un m\u00e9decin, des massages et des soins de beaut\u00e9 (sur rendez-vous) ainsi que des informations sur la location de v\u00e9hicules et de bateaux pour une exploration facile de l\u2019\u00eele.<\/p>\t<\/div>\n<\/div><h4 class=\"qodef-accordion-title\">\n\t<span class=\"qodef-tab-title\">\n\t\tQuelles plages valent le d\u00e9tour \u00e0 Ios ?\t<\/span>\n\t<span class=\"qodef-accordion-mark\">\n\t\t<span class=\"qodef-icon--arrow-down\"><span class=\"qodef-icon-linea-icons icon-arrows-down\" ><\/span><\/span>\n\t\t<span class=\"qodef-icon--arrow-up\"><span class=\"qodef-icon-linea-icons icon-arrows-up\" ><\/span><\/span>\n\t<\/span>\n<\/h4>\n<div class=\"qodef-accordion-content\">\n\t<div class=\"qodef-accordion-content-inner\">\n\t\t<p>Les plages d\u2019Ios sont id\u00e9ales pour tous les go\u00fbts. Sur l\u2019\u00eele, vous trouverez principalement des plages de sable, certaines organis\u00e9es et d\u2019autres plus isol\u00e9es, toutes avec des paysages magnifiques et des eaux bleues cristallines. Il vaut vraiment la peine de visiter la plage de Mylopotas, Magganari, Gialos et Agia Theodoti.<\/p>\t<\/div>\n<\/div><\/div>\t\t<\/div>\n\t\t\t\t<\/div>\n\t\t\t\t<div class=\"elementor-element elementor-element-ed45b11 elementor-widget elementor-widget-spacer\" data-id=\"ed45b11\" data-element_type=\"widget\" data-widget_type=\"spacer.default\">\n\t\t\t\t<div class=\"elementor-widget-container\">\n\t\t\t\t\t<div class=\"elementor-spacer\">\n\t\t\t<div class=\"elementor-spacer-inner\"><\/div>\n\t\t<\/div>\n\t\t\t\t<\/div>\n\t\t\t\t<\/div>\n\t\t\t\t\t<\/div>\n\t\t<\/div>\n\t\t\t\t\t\t\t<\/div>\n\t\t<\/section>\n\t\t\t\t<section class=\"elementor-section elementor-top-section elementor-element elementor-element-75386223 elementor-section-full_width elementor-section-height-default elementor-section-height-default qodef-elementor-content-no\" data-id=\"75386223\" data-element_type=\"section\">\n\t\t\t\t\t\t<div class=\"elementor-container elementor-column-gap-no\">\n\t\t\t\t\t<div class=\"elementor-column elementor-col-100 elementor-top-column elementor-element elementor-element-702b418a\" data-id=\"702b418a\" data-element_type=\"column\" data-settings=\"{&quot;background_background&quot;:&quot;classic&quot;}\">\n\t\t\t<div class=\"elementor-widget-wrap elementor-element-populated\">\n\t\t\t\t\t\t\t\t<div class=\"elementor-element elementor-element-5a38b481 elementor-widget elementor-widget-wp-widget-alloggio_core_contact_form_7\" data-id=\"5a38b481\" data-element_type=\"widget\" data-widget_type=\"wp-widget-alloggio_core_contact_form_7.default\">\n\t\t\t\t<div class=\"elementor-widget-container\">\n\t\t\t\t\t\t<div class=\"qodef-contact-form-7\">\n\t\t\t\t\n<div class=\"wpcf7 no-js\" id=\"wpcf7-f10851-o1\" lang=\"en-US\" dir=\"ltr\">\n<div class=\"screen-reader-response\"><p role=\"status\" aria-live=\"polite\" aria-atomic=\"true\"><\/p> <ul><\/ul><\/div>\n<form action=\"\/fr\/wp-json\/wp\/v2\/pages\/10447#wpcf7-f10851-o1\" method=\"post\" class=\"wpcf7-form init\" aria-label=\"Contact form\" novalidate=\"novalidate\" data-status=\"init\">\n<div style=\"display: none;\">\n<input type=\"hidden\" name=\"_wpcf7\" value=\"10851\" \/>\n<input type=\"hidden\" name=\"_wpcf7_version\" value=\"5.7.5.1\" \/>\n<input type=\"hidden\" name=\"_wpcf7_locale\" value=\"en_US\" \/>\n<input type=\"hidden\" name=\"_wpcf7_unit_tag\" value=\"wpcf7-f10851-o1\" \/>\n<input type=\"hidden\" name=\"_wpcf7_container_post\" value=\"0\" \/>\n<input type=\"hidden\" name=\"_wpcf7_posted_data_hash\" value=\"\" \/>\n<input type=\"hidden\" name=\"_wpcf7_recaptcha_response\" value=\"\" \/>\n<\/div>\n<div class=\"qodef-newsletter-form-style\">\n\t<h2 class=\"qodef-e-title\"><span class=\"icon-basic-mail-open-text qodef-e-icon\"><\/span>Subscribe to our newsletter\n\t<\/h2>\n\t<p><span class=\"wpcf7-form-control-wrap\" data-name=\"your-email\"><input size=\"40\" class=\"wpcf7-form-control wpcf7-text wpcf7-email wpcf7-validates-as-required wpcf7-validates-as-email\" aria-required=\"true\" aria-invalid=\"false\" placeholder=\"Email Address\" value=\"\" type=\"email\" name=\"your-email\" \/><\/span><button class=\"wpcf7-form-control wpcf7-submit qodef-button qodef-size--normal qodef-type--outlined qodef-m\" type=\"submit\"><span class=\"qodef-m-text\">SUBSCRIBE<\/span><\/button>\n\t<\/p>\n<\/div><div class=\"wpcf7-response-output\" aria-hidden=\"true\"><\/div>\n<\/form>\n<\/div>\n\t\t\t<\/div>\n\t\t\t\t\t<\/div>\n\t\t\t\t<\/div>\n\t\t\t\t\t<\/div>\n\t\t<\/div>\n\t\t\t\t\t\t\t<\/div>\n\t\t<\/section>\n\t\t\t\t\t\t\t<\/div>\n\t\t","protected":false},"excerpt":{"rendered":"<p>Pourquoi choisir Youtopia Ios pour mon s\u00e9jour \u00e0 Ios ? \u03a4\u03bf Youtopia Ios \u03b4\u03b7\u03bc\u03b9\u03bf\u03c5\u03c1\u03b3\u03ae\u03b8\u03b7\u03ba\u03b5 \u03b3\u03b9\u03b1 \u03bd\u03b1 \u03c0\u03c1\u03bf\u03c3\u03c6\u03ad\u03c1\u03b5\u03b9 \u03c0\u03bf\u03bb\u03c5\u03c4\u03ad\u03bb\u03b5\u03b9\u03b1 \u03ba\u03b1\u03b9 \u03ac\u03bd\u03b5\u03c3\u03b7 \u03c3\u03c4\u03b9\u03c2 \u03b4\u03b9\u03b1\u03ba\u03bf\u03c0\u03ad\u03c2 \u03c3\u03b1\u03c2. \u039f\u03b9 \u03b2\u03af\u03bb\u03b5\u03c2 \u03c4\u03bf\u03c5 \u03ba\u03b1\u03c4\u03b1\u03bb\u03cd\u03bc\u03b1\u03c4\u03bf\u03c2 \u03b5\u03af\u03bd\u03b1\u03b9 \u03c6\u03c4\u03b9\u03b1\u03b3\u03bc\u03ad\u03bd\u03b5\u03c2 \u03bc\u03b5 \u03c6\u03c5\u03c3\u03b9\u03ba\u03ac \u03c5\u03bb\u03b9\u03ba\u03ac \u03ba\u03b1\u03b9 \u03c0\u03bb\u03ae\u03c1\u03c9\u03c2 \u03b5\u03bd\u03b1\u03c1\u03bc\u03bf\u03bd\u03b9\u03c3\u03bc\u03ad\u03bd\u03b5\u03c2 \u03bc\u03b5 \u03c4\u03bf \u03c0\u03b5\u03c1\u03b9\u03b2\u03ac\u03bb\u03bb\u03bf\u03bd \u03c0\u03bf\u03c5 \u03c4\u03b9\u03c2 \u03c0\u03b5\u03c1\u03b9\u03c4\u03c1\u03b9\u03b3\u03c5\u03c1\u03af\u03b6\u03b5\u03b9. \u039a\u03ac\u03b8\u03b5 \u03b2\u03af\u03bb\u03b1 \u03b5\u03af\u03bd\u03b1\u03b9 \u03b5\u03be\u03bf\u03c0\u03bb\u03b9\u03c3\u03bc\u03ad\u03bd\u03b7 \u03bc\u03b5 \u03cc\u03bb\u03b1 \u03cc\u03c3\u03b1 \u03b8\u03b1 \u03c7\u03c1\u03b5\u03b9\u03b1\u03c3\u03c4\u03b5\u03af\u03c4\u03b5 \u03b3\u03b9\u03b1 \u03c4\u03b7 \u03b4\u03b9\u03b1\u03bc\u03bf\u03bd\u03ae \u03c3\u03b1\u03c2 \u03c3\u03c4\u03bf [&hellip;]<\/p>\n","protected":false},"author":1,"featured_media":0,"parent":0,"menu_order":0,"comment_status":"closed","ping_status":"closed","template":"page-full-width.php","meta":[],"yoast_head":"<!-- This site is optimized with the Yoast SEO plugin v20.12 - https:\/\/yoast.com\/wordpress\/plugins\/seo\/ -->\n<title>Questions fr\u00e9quentes - Youtopia Villas | Ios, Greece<\/title>\n<meta name=\"robots\" content=\"index, follow, max-snippet:-1, max-image-preview:large, max-video-preview:-1\" \/>\n<link rel=\"canonical\" href=\"https:\/\/youtopiaios.com\/frequently-asked-questions\/\" \/>\n<meta property=\"og:locale\" content=\"fr_FR\" \/>\n<meta property=\"og:type\" content=\"article\" \/>\n<meta property=\"og:title\" content=\"Questions fr\u00e9quentes - Youtopia Villas | Ios, Greece\" \/>\n<meta property=\"og:description\" content=\"Pourquoi choisir Youtopia Ios pour mon s\u00e9jour \u00e0 Ios ? \u03a4\u03bf Youtopia Ios \u03b4\u03b7\u03bc\u03b9\u03bf\u03c5\u03c1\u03b3\u03ae\u03b8\u03b7\u03ba\u03b5 \u03b3\u03b9\u03b1 \u03bd\u03b1 \u03c0\u03c1\u03bf\u03c3\u03c6\u03ad\u03c1\u03b5\u03b9 \u03c0\u03bf\u03bb\u03c5\u03c4\u03ad\u03bb\u03b5\u03b9\u03b1 \u03ba\u03b1\u03b9 \u03ac\u03bd\u03b5\u03c3\u03b7 \u03c3\u03c4\u03b9\u03c2 \u03b4\u03b9\u03b1\u03ba\u03bf\u03c0\u03ad\u03c2 \u03c3\u03b1\u03c2. \u039f\u03b9 \u03b2\u03af\u03bb\u03b5\u03c2 \u03c4\u03bf\u03c5 \u03ba\u03b1\u03c4\u03b1\u03bb\u03cd\u03bc\u03b1\u03c4\u03bf\u03c2 \u03b5\u03af\u03bd\u03b1\u03b9 \u03c6\u03c4\u03b9\u03b1\u03b3\u03bc\u03ad\u03bd\u03b5\u03c2 \u03bc\u03b5 \u03c6\u03c5\u03c3\u03b9\u03ba\u03ac \u03c5\u03bb\u03b9\u03ba\u03ac \u03ba\u03b1\u03b9 \u03c0\u03bb\u03ae\u03c1\u03c9\u03c2 \u03b5\u03bd\u03b1\u03c1\u03bc\u03bf\u03bd\u03b9\u03c3\u03bc\u03ad\u03bd\u03b5\u03c2 \u03bc\u03b5 \u03c4\u03bf \u03c0\u03b5\u03c1\u03b9\u03b2\u03ac\u03bb\u03bb\u03bf\u03bd \u03c0\u03bf\u03c5 \u03c4\u03b9\u03c2 \u03c0\u03b5\u03c1\u03b9\u03c4\u03c1\u03b9\u03b3\u03c5\u03c1\u03af\u03b6\u03b5\u03b9. \u039a\u03ac\u03b8\u03b5 \u03b2\u03af\u03bb\u03b1 \u03b5\u03af\u03bd\u03b1\u03b9 \u03b5\u03be\u03bf\u03c0\u03bb\u03b9\u03c3\u03bc\u03ad\u03bd\u03b7 \u03bc\u03b5 \u03cc\u03bb\u03b1 \u03cc\u03c3\u03b1 \u03b8\u03b1 \u03c7\u03c1\u03b5\u03b9\u03b1\u03c3\u03c4\u03b5\u03af\u03c4\u03b5 \u03b3\u03b9\u03b1 \u03c4\u03b7 \u03b4\u03b9\u03b1\u03bc\u03bf\u03bd\u03ae \u03c3\u03b1\u03c2 \u03c3\u03c4\u03bf [&hellip;]\" \/>\n<meta property=\"og:url\" content=\"https:\/\/youtopiaios.com\/frequently-asked-questions\/\" \/>\n<meta property=\"og:site_name\" content=\"Youtopia Villas | Ios, Greece\" \/>\n<meta property=\"article:modified_time\" content=\"2023-09-26T09:28:09+00:00\" \/>\n<meta name=\"twitter:card\" content=\"summary_large_image\" \/>\n<meta name=\"twitter:label1\" content=\"Dur\u00e9e de lecture estim\u00e9e\" \/>\n\t<meta name=\"twitter:data1\" content=\"2 minutes\" \/>\n<script type=\"application\/ld+json\" class=\"yoast-schema-graph\">{\"@context\":\"https:\/\/schema.org\",\"@graph\":[{\"@type\":\"WebPage\",\"@id\":\"https:\/\/youtopiaios.com\/frequently-asked-questions\/\",\"url\":\"https:\/\/youtopiaios.com\/frequently-asked-questions\/\",\"name\":\"Questions fr\u00e9quentes - Youtopia Villas | Ios, Greece\",\"isPartOf\":{\"@id\":\"https:\/\/youtopiaios.com\/#website\"},\"datePublished\":\"2020-04-01T09:13:11+00:00\",\"dateModified\":\"2023-09-26T09:28:09+00:00\",\"breadcrumb\":{\"@id\":\"https:\/\/youtopiaios.com\/frequently-asked-questions\/#breadcrumb\"},\"inLanguage\":\"fr-FR\",\"potentialAction\":[{\"@type\":\"ReadAction\",\"target\":[\"https:\/\/youtopiaios.com\/frequently-asked-questions\/\"]}]},{\"@type\":\"BreadcrumbList\",\"@id\":\"https:\/\/youtopiaios.com\/frequently-asked-questions\/#breadcrumb\",\"itemListElement\":[{\"@type\":\"ListItem\",\"position\":1,\"name\":\"Home\",\"item\":\"https:\/\/youtopiaios.com\/\"},{\"@type\":\"ListItem\",\"position\":2,\"name\":\"Questions fr\u00e9quentes\"}]},{\"@type\":\"WebSite\",\"@id\":\"https:\/\/youtopiaios.com\/#website\",\"url\":\"https:\/\/youtopiaios.com\/\",\"name\":\"Youtopia Villas | Ios, Greece\",\"description\":\"Luxury accommodation in Ios | Youtopia Villas\",\"publisher\":{\"@id\":\"https:\/\/youtopiaios.com\/#organization\"},\"potentialAction\":[{\"@type\":\"SearchAction\",\"target\":{\"@type\":\"EntryPoint\",\"urlTemplate\":\"https:\/\/youtopiaios.com\/?s={search_term_string}\"},\"query-input\":\"required name=search_term_string\"}],\"inLanguage\":\"fr-FR\"},{\"@type\":\"Organization\",\"@id\":\"https:\/\/youtopiaios.com\/#organization\",\"name\":\"Youtopia Villas | Ios, Greece\",\"url\":\"https:\/\/youtopiaios.com\/\",\"logo\":{\"@type\":\"ImageObject\",\"inLanguage\":\"fr-FR\",\"@id\":\"https:\/\/youtopiaios.com\/#\/schema\/logo\/image\/\",\"url\":\"https:\/\/youtopiaios.com\/wp-content\/uploads\/2023\/04\/cropped-Youtopia_RGB.png\",\"contentUrl\":\"https:\/\/youtopiaios.com\/wp-content\/uploads\/2023\/04\/cropped-Youtopia_RGB.png\",\"width\":135,\"height\":37,\"caption\":\"Youtopia Villas | Ios, Greece\"},\"image\":{\"@id\":\"https:\/\/youtopiaios.com\/#\/schema\/logo\/image\/\"}}]}<\/script>\n<!-- \/ Yoast SEO plugin. -->","yoast_head_json":{"title":"Questions fr\u00e9quentes - Youtopia Villas | Ios, Greece","robots":{"index":"index","follow":"follow","max-snippet":"max-snippet:-1","max-image-preview":"max-image-preview:large","max-video-preview":"max-video-preview:-1"},"canonical":"https:\/\/youtopiaios.com\/frequently-asked-questions\/","og_locale":"fr_FR","og_type":"article","og_title":"Questions fr\u00e9quentes - Youtopia Villas | Ios, Greece","og_description":"Pourquoi choisir Youtopia Ios pour mon s\u00e9jour \u00e0 Ios ? \u03a4\u03bf Youtopia Ios \u03b4\u03b7\u03bc\u03b9\u03bf\u03c5\u03c1\u03b3\u03ae\u03b8\u03b7\u03ba\u03b5 \u03b3\u03b9\u03b1 \u03bd\u03b1 \u03c0\u03c1\u03bf\u03c3\u03c6\u03ad\u03c1\u03b5\u03b9 \u03c0\u03bf\u03bb\u03c5\u03c4\u03ad\u03bb\u03b5\u03b9\u03b1 \u03ba\u03b1\u03b9 \u03ac\u03bd\u03b5\u03c3\u03b7 \u03c3\u03c4\u03b9\u03c2 \u03b4\u03b9\u03b1\u03ba\u03bf\u03c0\u03ad\u03c2 \u03c3\u03b1\u03c2. \u039f\u03b9 \u03b2\u03af\u03bb\u03b5\u03c2 \u03c4\u03bf\u03c5 \u03ba\u03b1\u03c4\u03b1\u03bb\u03cd\u03bc\u03b1\u03c4\u03bf\u03c2 \u03b5\u03af\u03bd\u03b1\u03b9 \u03c6\u03c4\u03b9\u03b1\u03b3\u03bc\u03ad\u03bd\u03b5\u03c2 \u03bc\u03b5 \u03c6\u03c5\u03c3\u03b9\u03ba\u03ac \u03c5\u03bb\u03b9\u03ba\u03ac \u03ba\u03b1\u03b9 \u03c0\u03bb\u03ae\u03c1\u03c9\u03c2 \u03b5\u03bd\u03b1\u03c1\u03bc\u03bf\u03bd\u03b9\u03c3\u03bc\u03ad\u03bd\u03b5\u03c2 \u03bc\u03b5 \u03c4\u03bf \u03c0\u03b5\u03c1\u03b9\u03b2\u03ac\u03bb\u03bb\u03bf\u03bd \u03c0\u03bf\u03c5 \u03c4\u03b9\u03c2 \u03c0\u03b5\u03c1\u03b9\u03c4\u03c1\u03b9\u03b3\u03c5\u03c1\u03af\u03b6\u03b5\u03b9. \u039a\u03ac\u03b8\u03b5 \u03b2\u03af\u03bb\u03b1 \u03b5\u03af\u03bd\u03b1\u03b9 \u03b5\u03be\u03bf\u03c0\u03bb\u03b9\u03c3\u03bc\u03ad\u03bd\u03b7 \u03bc\u03b5 \u03cc\u03bb\u03b1 \u03cc\u03c3\u03b1 \u03b8\u03b1 \u03c7\u03c1\u03b5\u03b9\u03b1\u03c3\u03c4\u03b5\u03af\u03c4\u03b5 \u03b3\u03b9\u03b1 \u03c4\u03b7 \u03b4\u03b9\u03b1\u03bc\u03bf\u03bd\u03ae \u03c3\u03b1\u03c2 \u03c3\u03c4\u03bf [&hellip;]","og_url":"https:\/\/youtopiaios.com\/frequently-asked-questions\/","og_site_name":"Youtopia Villas | Ios, Greece","article_modified_time":"2023-09-26T09:28:09+00:00","twitter_card":"summary_large_image","twitter_misc":{"Dur\u00e9e de lecture estim\u00e9e":"2 minutes"},"schema":{"@context":"https:\/\/schema.org","@graph":[{"@type":"WebPage","@id":"https:\/\/youtopiaios.com\/frequently-asked-questions\/","url":"https:\/\/youtopiaios.com\/frequently-asked-questions\/","name":"Questions fr\u00e9quentes - Youtopia Villas | Ios, Greece","isPartOf":{"@id":"https:\/\/youtopiaios.com\/#website"},"datePublished":"2020-04-01T09:13:11+00:00","dateModified":"2023-09-26T09:28:09+00:00","breadcrumb":{"@id":"https:\/\/youtopiaios.com\/frequently-asked-questions\/#breadcrumb"},"inLanguage":"fr-FR","potentialAction":[{"@type":"ReadAction","target":["https:\/\/youtopiaios.com\/frequently-asked-questions\/"]}]},{"@type":"BreadcrumbList","@id":"https:\/\/youtopiaios.com\/frequently-asked-questions\/#breadcrumb","itemListElement":[{"@type":"ListItem","position":1,"name":"Home","item":"https:\/\/youtopiaios.com\/"},{"@type":"ListItem","position":2,"name":"Questions fr\u00e9quentes"}]},{"@type":"WebSite","@id":"https:\/\/youtopiaios.com\/#website","url":"https:\/\/youtopiaios.com\/","name":"Youtopia Villas | Ios, Greece","description":"Luxury accommodation in Ios | Youtopia Villas","publisher":{"@id":"https:\/\/youtopiaios.com\/#organization"},"potentialAction":[{"@type":"SearchAction","target":{"@type":"EntryPoint","urlTemplate":"https:\/\/youtopiaios.com\/?s={search_term_string}"},"query-input":"required name=search_term_string"}],"inLanguage":"fr-FR"},{"@type":"Organization","@id":"https:\/\/youtopiaios.com\/#organization","name":"Youtopia Villas | Ios, Greece","url":"https:\/\/youtopiaios.com\/","logo":{"@type":"ImageObject","inLanguage":"fr-FR","@id":"https:\/\/youtopiaios.com\/#\/schema\/logo\/image\/","url":"https:\/\/youtopiaios.com\/wp-content\/uploads\/2023\/04\/cropped-Youtopia_RGB.png","contentUrl":"https:\/\/youtopiaios.com\/wp-content\/uploads\/2023\/04\/cropped-Youtopia_RGB.png","width":135,"height":37,"caption":"Youtopia Villas | Ios, Greece"},"image":{"@id":"https:\/\/youtopiaios.com\/#\/schema\/logo\/image\/"}}]}},"_links":{"self":[{"href":"https:\/\/youtopiaios.com\/fr\/wp-json\/wp\/v2\/pages\/10447"}],"collection":[{"href":"https:\/\/youtopiaios.com\/fr\/wp-json\/wp\/v2\/pages"}],"about":[{"href":"https:\/\/youtopiaios.com\/fr\/wp-json\/wp\/v2\/types\/page"}],"author":[{"embeddable":true,"href":"https:\/\/youtopiaios.com\/fr\/wp-json\/wp\/v2\/users\/1"}],"replies":[{"embeddable":true,"href":"https:\/\/youtopiaios.com\/fr\/wp-json\/wp\/v2\/comments?post=10447"}],"version-history":[{"count":11,"href":"https:\/\/youtopiaios.com\/fr\/wp-json\/wp\/v2\/pages\/10447\/revisions"}],"predecessor-version":[{"id":10959,"href":"https:\/\/youtopiaios.com\/fr\/wp-json\/wp\/v2\/pages\/10447\/revisions\/10959"}],"wp:attachment":[{"href":"https:\/\/youtopiaios.com\/fr\/wp-json\/wp\/v2\/media?parent=10447"}],"curies":[{"name":"wp","href":"https:\/\/api.w.org\/{rel}","templated":true}]}}