
{"id":10449,"date":"2020-09-07T12:33:48","date_gmt":"2020-09-07T12:33:48","guid":{"rendered":"https:\/\/youtopiaios.com\/location\/"},"modified":"2023-09-26T12:27:33","modified_gmt":"2023-09-26T09:27:33","slug":"location","status":"publish","type":"page","link":"https:\/\/youtopiaios.com\/fr\/location\/","title":{"rendered":"Emplacement"},"content":{"rendered":"\t\t<div data-elementor-type=\"wp-page\" data-elementor-id=\"10449\" class=\"elementor elementor-10449 elementor-4579\">\n\t\t\t\t\t\t\t\t\t<section class=\"elementor-section elementor-top-section elementor-element elementor-element-36fdc9d7 elementor-section-full_width qodef-elementor-content-grid elementor-section-stretched elementor-section-height-default elementor-section-height-default\" data-id=\"36fdc9d7\" data-element_type=\"section\" data-settings=\"{&quot;stretch_section&quot;:&quot;section-stretched&quot;}\">\n\t\t\t\t\t\t<div class=\"elementor-container elementor-column-gap-no\">\n\t\t\t\t\t<div class=\"elementor-column elementor-col-33 elementor-top-column elementor-element elementor-element-14b00786\" data-id=\"14b00786\" data-element_type=\"column\">\n\t\t\t<div class=\"elementor-widget-wrap elementor-element-populated\">\n\t\t\t\t\t\t\t\t<div class=\"elementor-element elementor-element-610a14d5 elementor-widget elementor-widget-text-editor\" data-id=\"610a14d5\" data-element_type=\"widget\" data-widget_type=\"text-editor.default\">\n\t\t\t\t<div class=\"elementor-widget-container\">\n\t\t\t\t\t\t\t<p style=\"text-align: right; font-size: 40px; line-height: 40px;\">Emplacement id\u00e9al<\/p>\t\t\t\t\t\t<\/div>\n\t\t\t\t<\/div>\n\t\t\t\t\t<\/div>\n\t\t<\/div>\n\t\t\t\t<div class=\"elementor-column elementor-col-66 elementor-top-column elementor-element elementor-element-6169ce33\" data-id=\"6169ce33\" data-element_type=\"column\">\n\t\t\t<div class=\"elementor-widget-wrap elementor-element-populated\">\n\t\t\t\t\t\t\t\t<div class=\"elementor-element elementor-element-49e5f009 elementor-widget elementor-widget-alloggio_core_dropcaps\" data-id=\"49e5f009\" data-element_type=\"widget\" data-widget_type=\"alloggio_core_dropcaps.default\">\n\t\t\t\t<div class=\"elementor-widget-container\">\n\t\t\t<div class=\"qodef-shortcode qodef-m  qodef-dropcaps qodef-type--simple\">\n\t<span class=\"qodef-m-letter\" style=\"color: #AC7F2D\">L\u2019<\/span>\n\t\t\t<p class=\"qodef-m-text\" >une des \u00eeles les plus anim\u00e9es des Cyclades vous attend pour d\u00e9couvrir ses beaut\u00e9s. Ios est pr\u00eate \u00e0 vous laisser la d\u00e9couvrir et elle cache des tr\u00e9sors pour tous les go\u00fbts !<\/p>\n\t<\/div>\t\t<\/div>\n\t\t\t\t<\/div>\n\t\t\t\t\t<\/div>\n\t\t<\/div>\n\t\t\t\t\t\t\t<\/div>\n\t\t<\/section>\n\t\t\t\t<section class=\"elementor-section elementor-top-section elementor-element elementor-element-a576585 elementor-section-full_width qodef-elementor-content-grid elementor-section-height-default elementor-section-height-default\" data-id=\"a576585\" data-element_type=\"section\">\n\t\t\t\t\t\t<div class=\"elementor-container elementor-column-gap-no\">\n\t\t\t\t\t<div class=\"elementor-column elementor-col-33 elementor-top-column elementor-element elementor-element-49419641\" data-id=\"49419641\" data-element_type=\"column\">\n\t\t\t<div class=\"elementor-widget-wrap elementor-element-populated\">\n\t\t\t\t\t\t\t\t<div class=\"elementor-element elementor-element-5ba6a58 elementor-widget elementor-widget-alloggio_core_image_with_text\" data-id=\"5ba6a58\" data-element_type=\"widget\" data-widget_type=\"alloggio_core_image_with_text.default\">\n\t\t\t\t<div class=\"elementor-widget-container\">\n\t\t\t<div class=\"qodef-shortcode qodef-m  qodef-image-with-text qodef-layout--text-below  \">\n\t<div class=\"qodef-m-image\">\n\t\t\t\t\t\t\t\t\t<img width=\"730\" height=\"485\" src=\"https:\/\/youtopiaios.com\/wp-content\/uploads\/2023\/04\/beaches.jpg\" class=\"qodef-e-main-image\" alt=\"\" decoding=\"async\" loading=\"lazy\" srcset=\"https:\/\/youtopiaios.com\/wp-content\/uploads\/2023\/04\/beaches.jpg 730w, https:\/\/youtopiaios.com\/wp-content\/uploads\/2023\/04\/beaches-300x199.jpg 300w, https:\/\/youtopiaios.com\/wp-content\/uploads\/2023\/04\/beaches-600x399.jpg 600w\" sizes=\"(max-width: 730px) 100vw, 730px\" \/>\t\t\t\t\t\t\t\t\t<\/div>\t<div class=\"qodef-m-content\">\n\t\t\t<h3 class=\"qodef-m-title\" style=\"margin-top: 20px;color: #0C0800\">\n\t\t\t\t\tPlages\t\t\t<\/h3>\n\t\t\t<\/div>\n<\/div>\t\t<\/div>\n\t\t\t\t<\/div>\n\t\t\t\t<div class=\"elementor-element elementor-element-1aee24de elementor-widget elementor-widget-text-editor\" data-id=\"1aee24de\" data-element_type=\"widget\" data-widget_type=\"text-editor.default\">\n\t\t\t\t<div class=\"elementor-widget-container\">\n\t\t\t\t\t\t\t<p>La plage la plus fr\u00e9quent\u00e9e de l\u2019\u00eele est celle de Mylopotas, situ\u00e9e tr\u00e8s pr\u00e8s de Chora, tandis que d\u2019autres belles plages sont Magganari, Gialos, Kolitsani, Koumbara, Kalamos, Sapounochoma, Papa, Psathi, et Agia Theodoti. Il existe \u00e9galement de nombreuses plages plus petites, telles que Treis Kleisies.<\/p>\t\t\t\t\t\t<\/div>\n\t\t\t\t<\/div>\n\t\t\t\t\t<\/div>\n\t\t<\/div>\n\t\t\t\t<div class=\"elementor-column elementor-col-33 elementor-top-column elementor-element elementor-element-45d83f0f\" data-id=\"45d83f0f\" data-element_type=\"column\">\n\t\t\t<div class=\"elementor-widget-wrap elementor-element-populated\">\n\t\t\t\t\t\t\t\t<div class=\"elementor-element elementor-element-45f00ada elementor-widget elementor-widget-alloggio_core_image_with_text\" data-id=\"45f00ada\" data-element_type=\"widget\" data-widget_type=\"alloggio_core_image_with_text.default\">\n\t\t\t\t<div class=\"elementor-widget-container\">\n\t\t\t<div class=\"qodef-shortcode qodef-m  qodef-image-with-text qodef-layout--text-below  \">\n\t<div class=\"qodef-m-image\">\n\t\t\t\t\t\t\t\t\t<img width=\"730\" height=\"485\" src=\"https:\/\/youtopiaios.com\/wp-content\/uploads\/2023\/04\/churches.jpg\" class=\"qodef-e-main-image\" alt=\"\" decoding=\"async\" loading=\"lazy\" srcset=\"https:\/\/youtopiaios.com\/wp-content\/uploads\/2023\/04\/churches.jpg 730w, https:\/\/youtopiaios.com\/wp-content\/uploads\/2023\/04\/churches-300x199.jpg 300w, https:\/\/youtopiaios.com\/wp-content\/uploads\/2023\/04\/churches-600x399.jpg 600w\" sizes=\"(max-width: 730px) 100vw, 730px\" \/>\t\t\t\t\t\t\t\t\t<\/div>\t<div class=\"qodef-m-content\">\n\t\t\t<h3 class=\"qodef-m-title\" style=\"margin-top: 20px\">\n\t\t\t\t\tEglises\t\t\t<\/h3>\n\t\t\t<\/div>\n<\/div>\t\t<\/div>\n\t\t\t\t<\/div>\n\t\t\t\t<div class=\"elementor-element elementor-element-3a4c491d elementor-widget elementor-widget-text-editor\" data-id=\"3a4c491d\" data-element_type=\"widget\" data-widget_type=\"text-editor.default\">\n\t\t\t\t<div class=\"elementor-widget-container\">\n\t\t\t\t\t\t\t<p>L\u2019\u00eele est connue pour ses nombreuses \u00e9glises. On dit m\u00eame qu\u2019elle compte 365 \u00e9glises et chapelles. La plus c\u00e9l\u00e8bre est Panagia Gremiotissa qui domine le point culminant de Chora.<\/p>\t\t\t\t\t\t<\/div>\n\t\t\t\t<\/div>\n\t\t\t\t\t<\/div>\n\t\t<\/div>\n\t\t\t\t<div class=\"elementor-column elementor-col-33 elementor-top-column elementor-element elementor-element-4ced053e\" data-id=\"4ced053e\" data-element_type=\"column\">\n\t\t\t<div class=\"elementor-widget-wrap elementor-element-populated\">\n\t\t\t\t\t\t\t\t<div class=\"elementor-element elementor-element-5295520d elementor-widget elementor-widget-alloggio_core_image_with_text\" data-id=\"5295520d\" data-element_type=\"widget\" data-widget_type=\"alloggio_core_image_with_text.default\">\n\t\t\t\t<div class=\"elementor-widget-container\">\n\t\t\t<div class=\"qodef-shortcode qodef-m  qodef-image-with-text qodef-layout--text-below  \">\n\t<div class=\"qodef-m-image\">\n\t\t\t\t\t\t\t\t\t<img width=\"730\" height=\"485\" src=\"https:\/\/youtopiaios.com\/wp-content\/uploads\/2023\/04\/paths.jpg\" class=\"qodef-e-main-image\" alt=\"\" decoding=\"async\" loading=\"lazy\" srcset=\"https:\/\/youtopiaios.com\/wp-content\/uploads\/2023\/04\/paths.jpg 730w, https:\/\/youtopiaios.com\/wp-content\/uploads\/2023\/04\/paths-300x199.jpg 300w, https:\/\/youtopiaios.com\/wp-content\/uploads\/2023\/04\/paths-600x399.jpg 600w\" sizes=\"(max-width: 730px) 100vw, 730px\" \/>\t\t\t\t\t\t\t\t\t<\/div>\t<div class=\"qodef-m-content\">\n\t\t\t<h3 class=\"qodef-m-title\" style=\"margin-top: 20px\">\n\t\t\t\t\tChemins\t\t\t<\/h3>\n\t\t\t<\/div>\n<\/div>\t\t<\/div>\n\t\t\t\t<\/div>\n\t\t\t\t<div class=\"elementor-element elementor-element-5331c477 elementor-widget elementor-widget-text-editor\" data-id=\"5331c477\" data-element_type=\"widget\" data-widget_type=\"text-editor.default\">\n\t\t\t\t<div class=\"elementor-widget-container\">\n\t\t\t\t\t\t\t<p>Les chemins d\u2019Ios font partie de l\u2019histoire locale. Ils ont \u00e9t\u00e9 le r\u00e9seau routier de l\u2019\u00eele pendant des si\u00e8cles, alors qu\u2019aujourd\u2019hui ils sont un \u00e9l\u00e9ment important du tourisme de l\u2019\u00eele. Les sentiers d\u2019Ios sont situ\u00e9s \u00e0 une altitude relativement basse et les parcourir ne pr\u00e9sente pas de difficult\u00e9 particuli\u00e8re. Ils sont accessibles toute l\u2019ann\u00e9e et chaque saison a ses propres beaut\u00e9s.<\/p>\t\t\t\t\t\t<\/div>\n\t\t\t\t<\/div>\n\t\t\t\t\t<\/div>\n\t\t<\/div>\n\t\t\t\t\t\t\t<\/div>\n\t\t<\/section>\n\t\t\t\t<section class=\"elementor-section elementor-top-section elementor-element elementor-element-88e9ca5 elementor-section-boxed elementor-section-height-default elementor-section-height-default qodef-elementor-content-no\" data-id=\"88e9ca5\" data-element_type=\"section\">\n\t\t\t\t\t\t<div class=\"elementor-container elementor-column-gap-default\">\n\t\t\t\t\t<div class=\"elementor-column elementor-col-100 elementor-top-column elementor-element elementor-element-7b8b7d9\" data-id=\"7b8b7d9\" data-element_type=\"column\">\n\t\t\t<div class=\"elementor-widget-wrap elementor-element-populated\">\n\t\t\t\t\t\t\t\t<div class=\"elementor-element elementor-element-c96e343 elementor-widget elementor-widget-text-editor\" data-id=\"c96e343\" data-element_type=\"widget\" data-widget_type=\"text-editor.default\">\n\t\t\t\t<div class=\"elementor-widget-container\">\n\t\t\t\t\t\t\t<h3><span style=\"color: #0\u03c80800;\">Emplacement<\/span><\/h3><p>Youtopia Ios est id\u00e9alement situ\u00e9e pour d\u00e9couvrir les plages de l\u2019\u00eele. Elle n\u2019est qu\u2019\u00e0 2,6 km de la plage de Gialos et de la plage d\u2019Agia Theodoti, tandis que la plage de Mylopotas est \u00e0 2,8 km.<\/p><p>Courtes distances :<\/p><p>Tombe d\u2019Hom\u00e8re : 4 km.<br \/>Plage de Gialos : 1,7 km.<br \/>Plage de Mylopotas : 2 km.<br \/>Plage de Manganari<br \/>Plage d\u2019Agia Theodoti<br \/>Site arch\u00e9ologique de Skarkos<\/p>\t\t\t\t\t\t<\/div>\n\t\t\t\t<\/div>\n\t\t\t\t<div class=\"elementor-element elementor-element-4852b83 elementor-align-center elementor-widget elementor-widget-button\" data-id=\"4852b83\" data-element_type=\"widget\" data-widget_type=\"button.default\">\n\t\t\t\t<div class=\"elementor-widget-container\">\n\t\t\t\t\t<div class=\"elementor-button-wrapper\">\n\t\t\t<a class=\"elementor-button elementor-button-link elementor-size-sm\" href=\"https:\/\/youtopiaios.reserve-online.net\/\" target=\"_blank\">\n\t\t\t\t\t\t<span class=\"elementor-button-content-wrapper\">\n\t\t\t\t\t\t<span class=\"elementor-button-text\">R\u00e9servez<\/span>\n\t\t<\/span>\n\t\t\t\t\t<\/a>\n\t\t<\/div>\n\t\t\t\t<\/div>\n\t\t\t\t<\/div>\n\t\t\t\t\t<\/div>\n\t\t<\/div>\n\t\t\t\t\t\t\t<\/div>\n\t\t<\/section>\n\t\t\t\t<section class=\"elementor-section elementor-top-section elementor-element elementor-element-0a8c574 elementor-section-boxed elementor-section-height-default elementor-section-height-default qodef-elementor-content-no\" data-id=\"0a8c574\" data-element_type=\"section\">\n\t\t\t\t\t\t<div class=\"elementor-container elementor-column-gap-default\">\n\t\t\t\t\t<div class=\"elementor-column elementor-col-33 elementor-top-column elementor-element elementor-element-8abc231\" data-id=\"8abc231\" data-element_type=\"column\">\n\t\t\t<div class=\"elementor-widget-wrap\">\n\t\t\t\t\t\t\t\t\t<\/div>\n\t\t<\/div>\n\t\t\t\t<div class=\"elementor-column elementor-col-66 elementor-top-column elementor-element elementor-element-ddf7a6b\" data-id=\"ddf7a6b\" data-element_type=\"column\">\n\t\t\t<div class=\"elementor-widget-wrap\">\n\t\t\t\t\t\t\t\t\t<\/div>\n\t\t<\/div>\n\t\t\t\t\t\t\t<\/div>\n\t\t<\/section>\n\t\t\t\t<section class=\"elementor-section elementor-top-section elementor-element elementor-element-6939444e elementor-section-stretched elementor-section-full_width elementor-section-height-default elementor-section-height-default qodef-elementor-content-no\" data-id=\"6939444e\" data-element_type=\"section\" data-settings=\"{&quot;stretch_section&quot;:&quot;section-stretched&quot;}\">\n\t\t\t\t\t\t<div class=\"elementor-container elementor-column-gap-default\">\n\t\t\t\t\t<div class=\"elementor-column elementor-col-100 elementor-top-column elementor-element elementor-element-7c67b337\" data-id=\"7c67b337\" data-element_type=\"column\">\n\t\t\t<div class=\"elementor-widget-wrap elementor-element-populated\">\n\t\t\t\t\t\t\t\t<div class=\"elementor-element elementor-element-334d8791 elementor-widget elementor-widget-google_maps\" data-id=\"334d8791\" data-element_type=\"widget\" data-widget_type=\"google_maps.default\">\n\t\t\t\t<div class=\"elementor-widget-container\">\n\t\t\t\t\t<div class=\"elementor-custom-embed\">\n\t\t\t<iframe loading=\"lazy\"\n\t\t\t\t\tsrc=\"https:\/\/maps.google.com\/maps?q=youtopia%20ios&#038;t=m&#038;z=10&#038;output=embed&#038;iwloc=near\"\n\t\t\t\t\ttitle=\"youtopia ios\"\n\t\t\t\t\taria-label=\"youtopia ios\"\n\t\t\t><\/iframe>\n\t\t<\/div>\n\t\t\t\t<\/div>\n\t\t\t\t<\/div>\n\t\t\t\t\t<\/div>\n\t\t<\/div>\n\t\t\t\t\t\t\t<\/div>\n\t\t<\/section>\n\t\t\t\t<section class=\"elementor-section elementor-top-section elementor-element elementor-element-47354879 elementor-section-full_width elementor-section-stretched elementor-section-height-default elementor-section-height-default qodef-elementor-content-no\" data-id=\"47354879\" data-element_type=\"section\" data-settings=\"{&quot;stretch_section&quot;:&quot;section-stretched&quot;}\">\n\t\t\t\t\t\t<div class=\"elementor-container elementor-column-gap-no\">\n\t\t\t\t\t<div class=\"elementor-column elementor-col-100 elementor-top-column elementor-element elementor-element-7568b9a4\" data-id=\"7568b9a4\" data-element_type=\"column\" data-settings=\"{&quot;background_background&quot;:&quot;classic&quot;}\">\n\t\t\t<div class=\"elementor-widget-wrap elementor-element-populated\">\n\t\t\t\t\t\t\t\t<div class=\"elementor-element elementor-element-2fa5d338 elementor-widget elementor-widget-wp-widget-alloggio_core_contact_form_7\" data-id=\"2fa5d338\" data-element_type=\"widget\" data-widget_type=\"wp-widget-alloggio_core_contact_form_7.default\">\n\t\t\t\t<div class=\"elementor-widget-container\">\n\t\t\t\t\t\t<div class=\"qodef-contact-form-7\">\n\t\t\t\t\n<div class=\"wpcf7 no-js\" id=\"wpcf7-f10851-o1\" lang=\"en-US\" dir=\"ltr\">\n<div class=\"screen-reader-response\"><p role=\"status\" aria-live=\"polite\" aria-atomic=\"true\"><\/p> <ul><\/ul><\/div>\n<form action=\"\/fr\/wp-json\/wp\/v2\/pages\/10449#wpcf7-f10851-o1\" method=\"post\" class=\"wpcf7-form init\" aria-label=\"Contact form\" novalidate=\"novalidate\" data-status=\"init\">\n<div style=\"display: none;\">\n<input type=\"hidden\" name=\"_wpcf7\" value=\"10851\" \/>\n<input type=\"hidden\" name=\"_wpcf7_version\" value=\"5.7.5.1\" \/>\n<input type=\"hidden\" name=\"_wpcf7_locale\" value=\"en_US\" \/>\n<input type=\"hidden\" name=\"_wpcf7_unit_tag\" value=\"wpcf7-f10851-o1\" \/>\n<input type=\"hidden\" name=\"_wpcf7_container_post\" value=\"0\" \/>\n<input type=\"hidden\" name=\"_wpcf7_posted_data_hash\" value=\"\" \/>\n<input type=\"hidden\" name=\"_wpcf7_recaptcha_response\" value=\"\" \/>\n<\/div>\n<div class=\"qodef-newsletter-form-style\">\n\t<h2 class=\"qodef-e-title\"><span class=\"icon-basic-mail-open-text qodef-e-icon\"><\/span>Subscribe to our newsletter\n\t<\/h2>\n\t<p><span class=\"wpcf7-form-control-wrap\" data-name=\"your-email\"><input size=\"40\" class=\"wpcf7-form-control wpcf7-text wpcf7-email wpcf7-validates-as-required wpcf7-validates-as-email\" aria-required=\"true\" aria-invalid=\"false\" placeholder=\"Email Address\" value=\"\" type=\"email\" name=\"your-email\" \/><\/span><button class=\"wpcf7-form-control wpcf7-submit qodef-button qodef-size--normal qodef-type--outlined qodef-m\" type=\"submit\"><span class=\"qodef-m-text\">SUBSCRIBE<\/span><\/button>\n\t<\/p>\n<\/div><div class=\"wpcf7-response-output\" aria-hidden=\"true\"><\/div>\n<\/form>\n<\/div>\n\t\t\t<\/div>\n\t\t\t\t\t<\/div>\n\t\t\t\t<\/div>\n\t\t\t\t\t<\/div>\n\t\t<\/div>\n\t\t\t\t\t\t\t<\/div>\n\t\t<\/section>\n\t\t\t\t\t\t\t<\/div>\n\t\t","protected":false},"excerpt":{"rendered":"<p>Emplacement id\u00e9al L\u2019 une des \u00eeles les plus anim\u00e9es des Cyclades vous attend pour d\u00e9couvrir ses beaut\u00e9s. Ios est pr\u00eate \u00e0 vous laisser la d\u00e9couvrir et elle cache des tr\u00e9sors pour tous les go\u00fbts ! Plages La plage la plus fr\u00e9quent\u00e9e de l\u2019\u00eele est celle de Mylopotas, situ\u00e9e tr\u00e8s pr\u00e8s de Chora, tandis que d\u2019autres [&hellip;]<\/p>\n","protected":false},"author":1,"featured_media":0,"parent":0,"menu_order":0,"comment_status":"closed","ping_status":"closed","template":"","meta":[],"yoast_head":"<!-- This site is optimized with the Yoast SEO plugin v20.12 - https:\/\/yoast.com\/wordpress\/plugins\/seo\/ -->\n<title>Emplacement - Youtopia Villas | Ios, Greece<\/title>\n<meta name=\"robots\" content=\"index, follow, max-snippet:-1, max-image-preview:large, max-video-preview:-1\" \/>\n<link rel=\"canonical\" href=\"https:\/\/youtopiaios.com\/location\/\" \/>\n<meta property=\"og:locale\" content=\"fr_FR\" \/>\n<meta property=\"og:type\" content=\"article\" \/>\n<meta property=\"og:title\" content=\"Emplacement - Youtopia Villas | Ios, Greece\" \/>\n<meta property=\"og:description\" content=\"Emplacement id\u00e9al L\u2019 une des \u00eeles les plus anim\u00e9es des Cyclades vous attend pour d\u00e9couvrir ses beaut\u00e9s. Ios est pr\u00eate \u00e0 vous laisser la d\u00e9couvrir et elle cache des tr\u00e9sors pour tous les go\u00fbts ! Plages La plage la plus fr\u00e9quent\u00e9e de l\u2019\u00eele est celle de Mylopotas, situ\u00e9e tr\u00e8s pr\u00e8s de Chora, tandis que d\u2019autres [&hellip;]\" \/>\n<meta property=\"og:url\" content=\"https:\/\/youtopiaios.com\/location\/\" \/>\n<meta property=\"og:site_name\" content=\"Youtopia Villas | Ios, Greece\" \/>\n<meta property=\"article:modified_time\" content=\"2023-09-26T09:27:33+00:00\" \/>\n<meta property=\"og:image\" content=\"https:\/\/youtopiaios.com\/wp-content\/uploads\/2023\/04\/beaches.jpg\" \/>\n<meta name=\"twitter:card\" content=\"summary_large_image\" \/>\n<meta name=\"twitter:label1\" content=\"Dur\u00e9e de lecture estim\u00e9e\" \/>\n\t<meta name=\"twitter:data1\" content=\"2 minutes\" \/>\n<script type=\"application\/ld+json\" class=\"yoast-schema-graph\">{\"@context\":\"https:\/\/schema.org\",\"@graph\":[{\"@type\":\"WebPage\",\"@id\":\"https:\/\/youtopiaios.com\/location\/\",\"url\":\"https:\/\/youtopiaios.com\/location\/\",\"name\":\"Emplacement - Youtopia Villas | Ios, Greece\",\"isPartOf\":{\"@id\":\"https:\/\/youtopiaios.com\/#website\"},\"datePublished\":\"2020-09-07T12:33:48+00:00\",\"dateModified\":\"2023-09-26T09:27:33+00:00\",\"breadcrumb\":{\"@id\":\"https:\/\/youtopiaios.com\/location\/#breadcrumb\"},\"inLanguage\":\"fr-FR\",\"potentialAction\":[{\"@type\":\"ReadAction\",\"target\":[\"https:\/\/youtopiaios.com\/location\/\"]}]},{\"@type\":\"BreadcrumbList\",\"@id\":\"https:\/\/youtopiaios.com\/location\/#breadcrumb\",\"itemListElement\":[{\"@type\":\"ListItem\",\"position\":1,\"name\":\"Home\",\"item\":\"https:\/\/youtopiaios.com\/\"},{\"@type\":\"ListItem\",\"position\":2,\"name\":\"Emplacement\"}]},{\"@type\":\"WebSite\",\"@id\":\"https:\/\/youtopiaios.com\/#website\",\"url\":\"https:\/\/youtopiaios.com\/\",\"name\":\"Youtopia Villas | Ios, Greece\",\"description\":\"Luxury accommodation in Ios | Youtopia Villas\",\"publisher\":{\"@id\":\"https:\/\/youtopiaios.com\/#organization\"},\"potentialAction\":[{\"@type\":\"SearchAction\",\"target\":{\"@type\":\"EntryPoint\",\"urlTemplate\":\"https:\/\/youtopiaios.com\/?s={search_term_string}\"},\"query-input\":\"required name=search_term_string\"}],\"inLanguage\":\"fr-FR\"},{\"@type\":\"Organization\",\"@id\":\"https:\/\/youtopiaios.com\/#organization\",\"name\":\"Youtopia Villas | Ios, Greece\",\"url\":\"https:\/\/youtopiaios.com\/\",\"logo\":{\"@type\":\"ImageObject\",\"inLanguage\":\"fr-FR\",\"@id\":\"https:\/\/youtopiaios.com\/#\/schema\/logo\/image\/\",\"url\":\"https:\/\/youtopiaios.com\/wp-content\/uploads\/2023\/04\/cropped-Youtopia_RGB.png\",\"contentUrl\":\"https:\/\/youtopiaios.com\/wp-content\/uploads\/2023\/04\/cropped-Youtopia_RGB.png\",\"width\":135,\"height\":37,\"caption\":\"Youtopia Villas | Ios, Greece\"},\"image\":{\"@id\":\"https:\/\/youtopiaios.com\/#\/schema\/logo\/image\/\"}}]}<\/script>\n<!-- \/ Yoast SEO plugin. -->","yoast_head_json":{"title":"Emplacement - Youtopia Villas | Ios, Greece","robots":{"index":"index","follow":"follow","max-snippet":"max-snippet:-1","max-image-preview":"max-image-preview:large","max-video-preview":"max-video-preview:-1"},"canonical":"https:\/\/youtopiaios.com\/location\/","og_locale":"fr_FR","og_type":"article","og_title":"Emplacement - Youtopia Villas | Ios, Greece","og_description":"Emplacement id\u00e9al L\u2019 une des \u00eeles les plus anim\u00e9es des Cyclades vous attend pour d\u00e9couvrir ses beaut\u00e9s. Ios est pr\u00eate \u00e0 vous laisser la d\u00e9couvrir et elle cache des tr\u00e9sors pour tous les go\u00fbts ! Plages La plage la plus fr\u00e9quent\u00e9e de l\u2019\u00eele est celle de Mylopotas, situ\u00e9e tr\u00e8s pr\u00e8s de Chora, tandis que d\u2019autres [&hellip;]","og_url":"https:\/\/youtopiaios.com\/location\/","og_site_name":"Youtopia Villas | Ios, Greece","article_modified_time":"2023-09-26T09:27:33+00:00","og_image":[{"url":"https:\/\/youtopiaios.com\/wp-content\/uploads\/2023\/04\/beaches.jpg"}],"twitter_card":"summary_large_image","twitter_misc":{"Dur\u00e9e de lecture estim\u00e9e":"2 minutes"},"schema":{"@context":"https:\/\/schema.org","@graph":[{"@type":"WebPage","@id":"https:\/\/youtopiaios.com\/location\/","url":"https:\/\/youtopiaios.com\/location\/","name":"Emplacement - Youtopia Villas | Ios, Greece","isPartOf":{"@id":"https:\/\/youtopiaios.com\/#website"},"datePublished":"2020-09-07T12:33:48+00:00","dateModified":"2023-09-26T09:27:33+00:00","breadcrumb":{"@id":"https:\/\/youtopiaios.com\/location\/#breadcrumb"},"inLanguage":"fr-FR","potentialAction":[{"@type":"ReadAction","target":["https:\/\/youtopiaios.com\/location\/"]}]},{"@type":"BreadcrumbList","@id":"https:\/\/youtopiaios.com\/location\/#breadcrumb","itemListElement":[{"@type":"ListItem","position":1,"name":"Home","item":"https:\/\/youtopiaios.com\/"},{"@type":"ListItem","position":2,"name":"Emplacement"}]},{"@type":"WebSite","@id":"https:\/\/youtopiaios.com\/#website","url":"https:\/\/youtopiaios.com\/","name":"Youtopia Villas | Ios, Greece","description":"Luxury accommodation in Ios | Youtopia Villas","publisher":{"@id":"https:\/\/youtopiaios.com\/#organization"},"potentialAction":[{"@type":"SearchAction","target":{"@type":"EntryPoint","urlTemplate":"https:\/\/youtopiaios.com\/?s={search_term_string}"},"query-input":"required name=search_term_string"}],"inLanguage":"fr-FR"},{"@type":"Organization","@id":"https:\/\/youtopiaios.com\/#organization","name":"Youtopia Villas | Ios, Greece","url":"https:\/\/youtopiaios.com\/","logo":{"@type":"ImageObject","inLanguage":"fr-FR","@id":"https:\/\/youtopiaios.com\/#\/schema\/logo\/image\/","url":"https:\/\/youtopiaios.com\/wp-content\/uploads\/2023\/04\/cropped-Youtopia_RGB.png","contentUrl":"https:\/\/youtopiaios.com\/wp-content\/uploads\/2023\/04\/cropped-Youtopia_RGB.png","width":135,"height":37,"caption":"Youtopia Villas | Ios, Greece"},"image":{"@id":"https:\/\/youtopiaios.com\/#\/schema\/logo\/image\/"}}]}},"_links":{"self":[{"href":"https:\/\/youtopiaios.com\/fr\/wp-json\/wp\/v2\/pages\/10449"}],"collection":[{"href":"https:\/\/youtopiaios.com\/fr\/wp-json\/wp\/v2\/pages"}],"about":[{"href":"https:\/\/youtopiaios.com\/fr\/wp-json\/wp\/v2\/types\/page"}],"author":[{"embeddable":true,"href":"https:\/\/youtopiaios.com\/fr\/wp-json\/wp\/v2\/users\/1"}],"replies":[{"embeddable":true,"href":"https:\/\/youtopiaios.com\/fr\/wp-json\/wp\/v2\/comments?post=10449"}],"version-history":[{"count":11,"href":"https:\/\/youtopiaios.com\/fr\/wp-json\/wp\/v2\/pages\/10449\/revisions"}],"predecessor-version":[{"id":10953,"href":"https:\/\/youtopiaios.com\/fr\/wp-json\/wp\/v2\/pages\/10449\/revisions\/10953"}],"wp:attachment":[{"href":"https:\/\/youtopiaios.com\/fr\/wp-json\/wp\/v2\/media?parent=10449"}],"curies":[{"name":"wp","href":"https:\/\/api.w.org\/{rel}","templated":true}]}}