
{"id":10451,"date":"2020-04-01T13:17:00","date_gmt":"2020-04-01T13:17:00","guid":{"rendered":"https:\/\/youtopiaios.com\/gallery\/"},"modified":"2024-06-03T13:12:54","modified_gmt":"2024-06-03T10:12:54","slug":"gallery","status":"publish","type":"page","link":"https:\/\/youtopiaios.com\/fr\/gallery\/","title":{"rendered":"Photos"},"content":{"rendered":"\t\t<div data-elementor-type=\"wp-page\" data-elementor-id=\"10451\" class=\"elementor elementor-10451 elementor-2795\">\n\t\t\t\t\t\t\t\t\t<section class=\"elementor-section elementor-top-section elementor-element elementor-element-7cc9fc2f elementor-section-full_width qodef-elementor-content-grid elementor-section-stretched elementor-section-height-default elementor-section-height-default\" data-id=\"7cc9fc2f\" data-element_type=\"section\" data-settings=\"{&quot;stretch_section&quot;:&quot;section-stretched&quot;}\">\n\t\t\t\t\t\t<div class=\"elementor-container elementor-column-gap-no\">\n\t\t\t\t\t<div class=\"elementor-column elementor-col-33 elementor-top-column elementor-element elementor-element-387ffbc4\" data-id=\"387ffbc4\" data-element_type=\"column\">\n\t\t\t<div class=\"elementor-widget-wrap elementor-element-populated\">\n\t\t\t\t\t\t\t\t<div class=\"elementor-element elementor-element-54d37b14 elementor-widget elementor-widget-text-editor\" data-id=\"54d37b14\" data-element_type=\"widget\" data-widget_type=\"text-editor.default\">\n\t\t\t\t<div class=\"elementor-widget-container\">\n\t\t\t\t\t\t\t<p style=\"text-align: right; font-size: 38px; line-height: 40px;\">Des vacances pleines de paix et de luxe\u2026<\/p>\t\t\t\t\t\t<\/div>\n\t\t\t\t<\/div>\n\t\t\t\t\t<\/div>\n\t\t<\/div>\n\t\t\t\t<div class=\"elementor-column elementor-col-66 elementor-top-column elementor-element elementor-element-7ec821e2\" data-id=\"7ec821e2\" data-element_type=\"column\">\n\t\t\t<div class=\"elementor-widget-wrap elementor-element-populated\">\n\t\t\t\t\t\t\t\t<div class=\"elementor-element elementor-element-2120062f elementor-widget elementor-widget-alloggio_core_dropcaps\" data-id=\"2120062f\" data-element_type=\"widget\" data-widget_type=\"alloggio_core_dropcaps.default\">\n\t\t\t\t<div class=\"elementor-widget-container\">\n\t\t\t<div class=\"qodef-shortcode qodef-m  qodef-dropcaps qodef-type--simple\">\n\t<span class=\"qodef-m-letter\" style=\"color: #AC7F2D\">L<\/span>\n\t\t\t<p class=\"qodef-m-text\" >es villas de Youtopia Ios vous attendent pour organiser vos vacances sur la magnifique \u00eele d\u2019Ios. D\u00e9couvrez des villas modernes, cr\u00e9\u00e9es avec des mat\u00e9riaux naturels, pr\u00eates \u00e0 offrir tout ce dont les voyageurs modernes ont besoin. Con\u00e7ues pour vous offrir intimit\u00e9 et d\u00e9tente \u00e0 chaque instant, nos villas sont pr\u00eates \u00e0 vous offrir des moments qui resteront ind\u00e9l\u00e9biles dans votre m\u00e9moire.<\/p>\n\t<\/div>\t\t<\/div>\n\t\t\t\t<\/div>\n\t\t\t\t\t<\/div>\n\t\t<\/div>\n\t\t\t\t\t\t\t<\/div>\n\t\t<\/section>\n\t\t\t\t<section class=\"elementor-section elementor-top-section elementor-element elementor-element-56a36fe4 elementor-section-full_width qodef-elementor-content-grid cust-mobile-padding-bot elementor-section-height-default elementor-section-height-default\" data-id=\"56a36fe4\" data-element_type=\"section\">\n\t\t\t\t\t\t<div class=\"elementor-container elementor-column-gap-no\">\n\t\t\t\t\t<div class=\"elementor-column elementor-col-50 elementor-top-column elementor-element elementor-element-c87dc74\" data-id=\"c87dc74\" data-element_type=\"column\">\n\t\t\t<div class=\"elementor-widget-wrap elementor-element-populated\">\n\t\t\t\t\t\t\t\t<div class=\"elementor-element elementor-element-4d27604f elementor-widget elementor-widget-alloggio_core_banner\" data-id=\"4d27604f\" data-element_type=\"widget\" data-widget_type=\"alloggio_core_banner.default\">\n\t\t\t\t<div class=\"elementor-widget-container\">\n\t\t\t<div class=\"qodef-shortcode qodef-m  qodef-banner qodef-layout--link-overlay  \">\n\t<div class=\"qodef-m-image\">\n\t<img width=\"800\" height=\"800\" src=\"https:\/\/youtopiaios.com\/wp-content\/uploads\/2024\/06\/1.jpg\" class=\"attachment-full size-full\" alt=\"\" decoding=\"async\" loading=\"lazy\" srcset=\"https:\/\/youtopiaios.com\/wp-content\/uploads\/2024\/06\/1.jpg 800w, https:\/\/youtopiaios.com\/wp-content\/uploads\/2024\/06\/1-300x300.jpg 300w, https:\/\/youtopiaios.com\/wp-content\/uploads\/2024\/06\/1-150x150.jpg 150w, https:\/\/youtopiaios.com\/wp-content\/uploads\/2024\/06\/1-768x768.jpg 768w, https:\/\/youtopiaios.com\/wp-content\/uploads\/2024\/06\/1-650x650.jpg 650w, https:\/\/youtopiaios.com\/wp-content\/uploads\/2024\/06\/1-600x600.jpg 600w, https:\/\/youtopiaios.com\/wp-content\/uploads\/2024\/06\/1-100x100.jpg 100w\" sizes=\"(max-width: 800px) 100vw, 800px\" \/>\t<a itemprop=\"url\" href=\"https:\/\/youtopiaios.com\/fr\/general\/\" class=\"qodef-m-banner-link\" target=\"_self\"><\/a>\n<\/div>\t<div class=\"qodef-m-content\">\n\t\t<div class=\"qodef-m-content-inner\" style=\"padding: 36px 12% 36px 50px\">\n\t\t\t<div class=\"qodef-m-content-inner-background\" ><\/div>\n\t\t\t<div class=\"qodef-m-content-inner-holder\">\n\t\t\t\t\t<h2 class=\"qodef-m-title\" >G\u00e9n\u00e9ral<\/h2>\n\t\t\t\t\t\t\t\t\t\t\t\t<a itemprop=\"url\" href=\"https:\/\/youtopiaios.com\/fr\/general\/\" class=\"qodef-m-banner-link\" target=\"_self\"><\/a>\n\t\t\t<\/div>\n\t\t\t<a itemprop=\"url\" href=\"https:\/\/youtopiaios.com\/fr\/general\/\" class=\"qodef-m-banner-link\" target=\"_self\"><\/a>\n\t\t<\/div>\n\t<\/div>\n<\/div>\n\t\t<\/div>\n\t\t\t\t<\/div>\n\t\t\t\t\t<\/div>\n\t\t<\/div>\n\t\t\t\t<div class=\"elementor-column elementor-col-50 elementor-top-column elementor-element elementor-element-cb3e353\" data-id=\"cb3e353\" data-element_type=\"column\">\n\t\t\t<div class=\"elementor-widget-wrap elementor-element-populated\">\n\t\t\t\t\t\t\t\t<div class=\"elementor-element elementor-element-30d6bf38 elementor-widget elementor-widget-alloggio_core_banner\" data-id=\"30d6bf38\" data-element_type=\"widget\" data-widget_type=\"alloggio_core_banner.default\">\n\t\t\t\t<div class=\"elementor-widget-container\">\n\t\t\t<div class=\"qodef-shortcode qodef-m  qodef-banner qodef-layout--link-overlay  \">\n\t<div class=\"qodef-m-image\">\n\t<img width=\"800\" height=\"800\" src=\"https:\/\/youtopiaios.com\/wp-content\/uploads\/2023\/04\/domatia.jpg\" class=\"attachment-full size-full\" alt=\"\" decoding=\"async\" loading=\"lazy\" srcset=\"https:\/\/youtopiaios.com\/wp-content\/uploads\/2023\/04\/domatia.jpg 800w, https:\/\/youtopiaios.com\/wp-content\/uploads\/2023\/04\/domatia-300x300.jpg 300w, https:\/\/youtopiaios.com\/wp-content\/uploads\/2023\/04\/domatia-150x150.jpg 150w, https:\/\/youtopiaios.com\/wp-content\/uploads\/2023\/04\/domatia-768x768.jpg 768w, https:\/\/youtopiaios.com\/wp-content\/uploads\/2023\/04\/domatia-650x650.jpg 650w, https:\/\/youtopiaios.com\/wp-content\/uploads\/2023\/04\/domatia-600x600.jpg 600w, https:\/\/youtopiaios.com\/wp-content\/uploads\/2023\/04\/domatia-100x100.jpg 100w\" sizes=\"(max-width: 800px) 100vw, 800px\" \/>\t<a itemprop=\"url\" href=\"https:\/\/youtopiaios.com\/fr\/room-gallery\/\" class=\"qodef-m-banner-link\" target=\"_self\"><\/a>\n<\/div>\t<div class=\"qodef-m-content\">\n\t\t<div class=\"qodef-m-content-inner\" style=\"padding: 36px 12% 36px 50px\">\n\t\t\t<div class=\"qodef-m-content-inner-background\" ><\/div>\n\t\t\t<div class=\"qodef-m-content-inner-holder\">\n\t\t\t\t\t<h2 class=\"qodef-m-title\" >Villas<\/h2>\n\t\t\t\t\t\t\t\t\t\t\t\t<a itemprop=\"url\" href=\"https:\/\/youtopiaios.com\/fr\/room-gallery\/\" class=\"qodef-m-banner-link\" target=\"_self\"><\/a>\n\t\t\t<\/div>\n\t\t\t<a itemprop=\"url\" href=\"https:\/\/youtopiaios.com\/fr\/room-gallery\/\" class=\"qodef-m-banner-link\" target=\"_self\"><\/a>\n\t\t<\/div>\n\t<\/div>\n<\/div>\n\t\t<\/div>\n\t\t\t\t<\/div>\n\t\t\t\t\t<\/div>\n\t\t<\/div>\n\t\t\t\t\t\t\t<\/div>\n\t\t<\/section>\n\t\t\t\t<section class=\"elementor-section elementor-top-section elementor-element elementor-element-4ebc76c3 elementor-section-full_width elementor-section-stretched elementor-section-height-default elementor-section-height-default qodef-elementor-content-no\" data-id=\"4ebc76c3\" data-element_type=\"section\" data-settings=\"{&quot;stretch_section&quot;:&quot;section-stretched&quot;}\">\n\t\t\t\t\t\t<div class=\"elementor-container elementor-column-gap-no\">\n\t\t\t\t\t<div class=\"elementor-column elementor-col-100 elementor-top-column elementor-element elementor-element-6aad2912\" data-id=\"6aad2912\" data-element_type=\"column\" data-settings=\"{&quot;background_background&quot;:&quot;classic&quot;}\">\n\t\t\t<div class=\"elementor-widget-wrap elementor-element-populated\">\n\t\t\t\t\t\t\t\t<div class=\"elementor-element elementor-element-74f5dae4 elementor-widget elementor-widget-wp-widget-alloggio_core_contact_form_7\" data-id=\"74f5dae4\" data-element_type=\"widget\" data-widget_type=\"wp-widget-alloggio_core_contact_form_7.default\">\n\t\t\t\t<div class=\"elementor-widget-container\">\n\t\t\t\t\t\t<div class=\"qodef-contact-form-7\">\n\t\t\t\t\n<div class=\"wpcf7 no-js\" id=\"wpcf7-f10851-o1\" lang=\"en-US\" dir=\"ltr\">\n<div class=\"screen-reader-response\"><p role=\"status\" aria-live=\"polite\" aria-atomic=\"true\"><\/p> <ul><\/ul><\/div>\n<form action=\"\/fr\/wp-json\/wp\/v2\/pages\/10451#wpcf7-f10851-o1\" method=\"post\" class=\"wpcf7-form init\" aria-label=\"Contact form\" novalidate=\"novalidate\" data-status=\"init\">\n<div style=\"display: none;\">\n<input type=\"hidden\" name=\"_wpcf7\" value=\"10851\" \/>\n<input type=\"hidden\" name=\"_wpcf7_version\" value=\"5.7.5.1\" \/>\n<input type=\"hidden\" name=\"_wpcf7_locale\" value=\"en_US\" \/>\n<input type=\"hidden\" name=\"_wpcf7_unit_tag\" value=\"wpcf7-f10851-o1\" \/>\n<input type=\"hidden\" name=\"_wpcf7_container_post\" value=\"0\" \/>\n<input type=\"hidden\" name=\"_wpcf7_posted_data_hash\" value=\"\" \/>\n<input type=\"hidden\" name=\"_wpcf7_recaptcha_response\" value=\"\" \/>\n<\/div>\n<div class=\"qodef-newsletter-form-style\">\n\t<h2 class=\"qodef-e-title\"><span class=\"icon-basic-mail-open-text qodef-e-icon\"><\/span>Subscribe to our newsletter\n\t<\/h2>\n\t<p><span class=\"wpcf7-form-control-wrap\" data-name=\"your-email\"><input size=\"40\" class=\"wpcf7-form-control wpcf7-text wpcf7-email wpcf7-validates-as-required wpcf7-validates-as-email\" aria-required=\"true\" aria-invalid=\"false\" placeholder=\"Email Address\" value=\"\" type=\"email\" name=\"your-email\" \/><\/span><button class=\"wpcf7-form-control wpcf7-submit qodef-button qodef-size--normal qodef-type--outlined qodef-m\" type=\"submit\"><span class=\"qodef-m-text\">SUBSCRIBE<\/span><\/button>\n\t<\/p>\n<\/div><div class=\"wpcf7-response-output\" aria-hidden=\"true\"><\/div>\n<\/form>\n<\/div>\n\t\t\t<\/div>\n\t\t\t\t\t<\/div>\n\t\t\t\t<\/div>\n\t\t\t\t\t<\/div>\n\t\t<\/div>\n\t\t\t\t\t\t\t<\/div>\n\t\t<\/section>\n\t\t\t\t\t\t\t<\/div>\n\t\t","protected":false},"excerpt":{"rendered":"<p>Des vacances pleines de paix et de luxe\u2026 L es villas de Youtopia Ios vous attendent pour organiser vos vacances sur la magnifique \u00eele d\u2019Ios. D\u00e9couvrez des villas modernes, cr\u00e9\u00e9es avec des mat\u00e9riaux naturels, pr\u00eates \u00e0 offrir tout ce dont les voyageurs modernes ont besoin. Con\u00e7ues pour vous offrir intimit\u00e9 et d\u00e9tente \u00e0 chaque instant, [&hellip;]<\/p>\n","protected":false},"author":1,"featured_media":0,"parent":0,"menu_order":0,"comment_status":"closed","ping_status":"closed","template":"","meta":[],"yoast_head":"<!-- This site is optimized with the Yoast SEO plugin v20.12 - https:\/\/yoast.com\/wordpress\/plugins\/seo\/ -->\n<title>Photos - Youtopia Villas | Ios, Greece<\/title>\n<meta name=\"robots\" content=\"index, follow, max-snippet:-1, max-image-preview:large, max-video-preview:-1\" \/>\n<link rel=\"canonical\" href=\"https:\/\/youtopiaios.com\/gallery\/\" \/>\n<meta property=\"og:locale\" content=\"fr_FR\" \/>\n<meta property=\"og:type\" content=\"article\" \/>\n<meta property=\"og:title\" content=\"Photos - Youtopia Villas | Ios, Greece\" \/>\n<meta property=\"og:description\" content=\"Des vacances pleines de paix et de luxe\u2026 L es villas de Youtopia Ios vous attendent pour organiser vos vacances sur la magnifique \u00eele d\u2019Ios. D\u00e9couvrez des villas modernes, cr\u00e9\u00e9es avec des mat\u00e9riaux naturels, pr\u00eates \u00e0 offrir tout ce dont les voyageurs modernes ont besoin. Con\u00e7ues pour vous offrir intimit\u00e9 et d\u00e9tente \u00e0 chaque instant, [&hellip;]\" \/>\n<meta property=\"og:url\" content=\"https:\/\/youtopiaios.com\/gallery\/\" \/>\n<meta property=\"og:site_name\" content=\"Youtopia Villas | Ios, Greece\" \/>\n<meta property=\"article:modified_time\" content=\"2024-06-03T10:12:54+00:00\" \/>\n<meta property=\"og:image\" content=\"https:\/\/youtopiaios.com\/wp-content\/uploads\/2024\/06\/1.jpg\" \/>\n<meta name=\"twitter:card\" content=\"summary_large_image\" \/>\n<meta name=\"twitter:label1\" content=\"Dur\u00e9e de lecture estim\u00e9e\" \/>\n\t<meta name=\"twitter:data1\" content=\"1 minute\" \/>\n<script type=\"application\/ld+json\" class=\"yoast-schema-graph\">{\"@context\":\"https:\/\/schema.org\",\"@graph\":[{\"@type\":\"WebPage\",\"@id\":\"https:\/\/youtopiaios.com\/gallery\/\",\"url\":\"https:\/\/youtopiaios.com\/gallery\/\",\"name\":\"Photos - Youtopia Villas | Ios, Greece\",\"isPartOf\":{\"@id\":\"https:\/\/youtopiaios.com\/#website\"},\"datePublished\":\"2020-04-01T13:17:00+00:00\",\"dateModified\":\"2024-06-03T10:12:54+00:00\",\"breadcrumb\":{\"@id\":\"https:\/\/youtopiaios.com\/gallery\/#breadcrumb\"},\"inLanguage\":\"fr-FR\",\"potentialAction\":[{\"@type\":\"ReadAction\",\"target\":[\"https:\/\/youtopiaios.com\/gallery\/\"]}]},{\"@type\":\"BreadcrumbList\",\"@id\":\"https:\/\/youtopiaios.com\/gallery\/#breadcrumb\",\"itemListElement\":[{\"@type\":\"ListItem\",\"position\":1,\"name\":\"Home\",\"item\":\"https:\/\/youtopiaios.com\/\"},{\"@type\":\"ListItem\",\"position\":2,\"name\":\"Photos\"}]},{\"@type\":\"WebSite\",\"@id\":\"https:\/\/youtopiaios.com\/#website\",\"url\":\"https:\/\/youtopiaios.com\/\",\"name\":\"Youtopia Villas | Ios, Greece\",\"description\":\"Luxury accommodation in Ios | Youtopia Villas\",\"publisher\":{\"@id\":\"https:\/\/youtopiaios.com\/#organization\"},\"potentialAction\":[{\"@type\":\"SearchAction\",\"target\":{\"@type\":\"EntryPoint\",\"urlTemplate\":\"https:\/\/youtopiaios.com\/?s={search_term_string}\"},\"query-input\":\"required name=search_term_string\"}],\"inLanguage\":\"fr-FR\"},{\"@type\":\"Organization\",\"@id\":\"https:\/\/youtopiaios.com\/#organization\",\"name\":\"Youtopia Villas | Ios, Greece\",\"url\":\"https:\/\/youtopiaios.com\/\",\"logo\":{\"@type\":\"ImageObject\",\"inLanguage\":\"fr-FR\",\"@id\":\"https:\/\/youtopiaios.com\/#\/schema\/logo\/image\/\",\"url\":\"https:\/\/youtopiaios.com\/wp-content\/uploads\/2023\/04\/cropped-Youtopia_RGB.png\",\"contentUrl\":\"https:\/\/youtopiaios.com\/wp-content\/uploads\/2023\/04\/cropped-Youtopia_RGB.png\",\"width\":135,\"height\":37,\"caption\":\"Youtopia Villas | Ios, Greece\"},\"image\":{\"@id\":\"https:\/\/youtopiaios.com\/#\/schema\/logo\/image\/\"}}]}<\/script>\n<!-- \/ Yoast SEO plugin. -->","yoast_head_json":{"title":"Photos - Youtopia Villas | Ios, Greece","robots":{"index":"index","follow":"follow","max-snippet":"max-snippet:-1","max-image-preview":"max-image-preview:large","max-video-preview":"max-video-preview:-1"},"canonical":"https:\/\/youtopiaios.com\/gallery\/","og_locale":"fr_FR","og_type":"article","og_title":"Photos - Youtopia Villas | Ios, Greece","og_description":"Des vacances pleines de paix et de luxe\u2026 L es villas de Youtopia Ios vous attendent pour organiser vos vacances sur la magnifique \u00eele d\u2019Ios. D\u00e9couvrez des villas modernes, cr\u00e9\u00e9es avec des mat\u00e9riaux naturels, pr\u00eates \u00e0 offrir tout ce dont les voyageurs modernes ont besoin. Con\u00e7ues pour vous offrir intimit\u00e9 et d\u00e9tente \u00e0 chaque instant, [&hellip;]","og_url":"https:\/\/youtopiaios.com\/gallery\/","og_site_name":"Youtopia Villas | Ios, Greece","article_modified_time":"2024-06-03T10:12:54+00:00","og_image":[{"url":"https:\/\/youtopiaios.com\/wp-content\/uploads\/2024\/06\/1.jpg"}],"twitter_card":"summary_large_image","twitter_misc":{"Dur\u00e9e de lecture estim\u00e9e":"1 minute"},"schema":{"@context":"https:\/\/schema.org","@graph":[{"@type":"WebPage","@id":"https:\/\/youtopiaios.com\/gallery\/","url":"https:\/\/youtopiaios.com\/gallery\/","name":"Photos - Youtopia Villas | Ios, Greece","isPartOf":{"@id":"https:\/\/youtopiaios.com\/#website"},"datePublished":"2020-04-01T13:17:00+00:00","dateModified":"2024-06-03T10:12:54+00:00","breadcrumb":{"@id":"https:\/\/youtopiaios.com\/gallery\/#breadcrumb"},"inLanguage":"fr-FR","potentialAction":[{"@type":"ReadAction","target":["https:\/\/youtopiaios.com\/gallery\/"]}]},{"@type":"BreadcrumbList","@id":"https:\/\/youtopiaios.com\/gallery\/#breadcrumb","itemListElement":[{"@type":"ListItem","position":1,"name":"Home","item":"https:\/\/youtopiaios.com\/"},{"@type":"ListItem","position":2,"name":"Photos"}]},{"@type":"WebSite","@id":"https:\/\/youtopiaios.com\/#website","url":"https:\/\/youtopiaios.com\/","name":"Youtopia Villas | Ios, Greece","description":"Luxury accommodation in Ios | Youtopia Villas","publisher":{"@id":"https:\/\/youtopiaios.com\/#organization"},"potentialAction":[{"@type":"SearchAction","target":{"@type":"EntryPoint","urlTemplate":"https:\/\/youtopiaios.com\/?s={search_term_string}"},"query-input":"required name=search_term_string"}],"inLanguage":"fr-FR"},{"@type":"Organization","@id":"https:\/\/youtopiaios.com\/#organization","name":"Youtopia Villas | Ios, Greece","url":"https:\/\/youtopiaios.com\/","logo":{"@type":"ImageObject","inLanguage":"fr-FR","@id":"https:\/\/youtopiaios.com\/#\/schema\/logo\/image\/","url":"https:\/\/youtopiaios.com\/wp-content\/uploads\/2023\/04\/cropped-Youtopia_RGB.png","contentUrl":"https:\/\/youtopiaios.com\/wp-content\/uploads\/2023\/04\/cropped-Youtopia_RGB.png","width":135,"height":37,"caption":"Youtopia Villas | Ios, Greece"},"image":{"@id":"https:\/\/youtopiaios.com\/#\/schema\/logo\/image\/"}}]}},"_links":{"self":[{"href":"https:\/\/youtopiaios.com\/fr\/wp-json\/wp\/v2\/pages\/10451"}],"collection":[{"href":"https:\/\/youtopiaios.com\/fr\/wp-json\/wp\/v2\/pages"}],"about":[{"href":"https:\/\/youtopiaios.com\/fr\/wp-json\/wp\/v2\/types\/page"}],"author":[{"embeddable":true,"href":"https:\/\/youtopiaios.com\/fr\/wp-json\/wp\/v2\/users\/1"}],"replies":[{"embeddable":true,"href":"https:\/\/youtopiaios.com\/fr\/wp-json\/wp\/v2\/comments?post=10451"}],"version-history":[{"count":20,"href":"https:\/\/youtopiaios.com\/fr\/wp-json\/wp\/v2\/pages\/10451\/revisions"}],"predecessor-version":[{"id":11239,"href":"https:\/\/youtopiaios.com\/fr\/wp-json\/wp\/v2\/pages\/10451\/revisions\/11239"}],"wp:attachment":[{"href":"https:\/\/youtopiaios.com\/fr\/wp-json\/wp\/v2\/media?parent=10451"}],"curies":[{"name":"wp","href":"https:\/\/api.w.org\/{rel}","templated":true}]}}